{"id":15,"date":"2021-11-29T10:13:01","date_gmt":"2021-11-29T10:13:01","guid":{"rendered":"https:\/\/osteo-schroeder.de\/?page_id=15"},"modified":"2021-11-29T12:03:54","modified_gmt":"2021-11-29T12:03:54","slug":"hintergruende-der-osteopathie","status":"publish","type":"page","link":"https:\/\/osteo-schroeder.de\/?page_id=15","title":{"rendered":"Hintergr\u00fcnde der Osteopathie"},"content":{"rendered":"\t\t<div data-elementor-type=\"wp-page\" data-elementor-id=\"15\" class=\"elementor elementor-15\">\n\t\t\t\t\t\t<section class=\"elementor-section elementor-top-section elementor-element elementor-element-3f40aa7 elementor-section-boxed elementor-section-height-default elementor-section-height-default\" data-id=\"3f40aa7\" data-element_type=\"section\" data-e-type=\"section\">\n\t\t\t\t\t\t<div class=\"elementor-container elementor-column-gap-default\">\n\t\t\t\t\t<div class=\"elementor-column elementor-col-100 elementor-top-column elementor-element elementor-element-3527e5a\" data-id=\"3527e5a\" data-element_type=\"column\" data-e-type=\"column\">\n\t\t\t<div class=\"elementor-widget-wrap elementor-element-populated\">\n\t\t\t\t\t\t<div class=\"elementor-element elementor-element-75ba6c4 elementor-widget elementor-widget-text-editor\" data-id=\"75ba6c4\" data-element_type=\"widget\" data-e-type=\"widget\" data-widget_type=\"text-editor.default\">\n\t\t\t\t<div class=\"elementor-widget-container\">\n\t\t\t\t\t\t\t\t\t<p>Die Osteo\u00adpa\u00adthie ist eine Behand\u00adlungsform, die ohne Hil\u00adf\u00ads\u00admit\u00adtel, nur mit den H\u00e4n\u00adden, durchge\u00adf\u00fchrt wird.<\/p><p>Mit speziellen osteopathischen Techniken, ersp\u00fcrt der Osteopath Funktionsst\u00f6rungen im Gesamtsystem des Patienten. Da sich eine Funk\u00adti\u00adons\u00adst\u00f6\u00adrung von einem Bere\u00adich im K\u00f6rper, auf ganz andere Berei\u00adche im K\u00f6r\u00adper oder auch auf das gan\u00adze Sys\u00adtem aus\u00adwir\u00adken kann, liegen die Ursa\u00adchen von den eigentlichen\u00a0Beschwer\u00adden oft weit entfernt. Die Osteopathie konzentriert sich bei ihrer Behandlung daher immer auf das\u00a0Gesamt\u00adsys\u00adtem K\u00f6r\u00adper.<\/p><p>Wird eine Struktur, zum Beispiel ein Fu\u00dfgelenk, durch Verspannungen, Fehlhaltungen oder Verletzungen in seiner Beweglichkeit eingeschr\u00e4nkt, beeinflusst das dessen Funktion. Hierbei hat es nicht nur Konsequenzen f\u00fcr das Fu\u00dfgelenk, sondern es werden, zum Beispiel durch Schonhaltung, auch das Kniegelenk, H\u00fcftgelenk, Wirbels\u00e4ule usw. gest\u00f6rt. Es besteht also die M\u00f6glichkeit, dass die Ursache von R\u00fcckenbeschwerden am Fu\u00dfgelenk liegt.<\/p>\t\t\t\t\t\t\t\t<\/div>\n\t\t\t\t<\/div>\n\t\t\t\t\t<\/div>\n\t\t<\/div>\n\t\t\t\t\t<\/div>\n\t\t<\/section>\n\t\t\t\t<section class=\"elementor-section elementor-top-section elementor-element elementor-element-82e6a91 elementor-section-boxed elementor-section-height-default elementor-section-height-default\" data-id=\"82e6a91\" data-element_type=\"section\" data-e-type=\"section\">\n\t\t\t\t\t\t<div class=\"elementor-container elementor-column-gap-default\">\n\t\t\t\t\t<div class=\"elementor-column elementor-col-100 elementor-top-column elementor-element elementor-element-ee3ff0b\" data-id=\"ee3ff0b\" data-element_type=\"column\" data-e-type=\"column\">\n\t\t\t<div class=\"elementor-widget-wrap elementor-element-populated\">\n\t\t\t\t\t\t<div class=\"elementor-element elementor-element-c935cb5 elementor-widget elementor-widget-heading\" data-id=\"c935cb5\" data-element_type=\"widget\" data-e-type=\"widget\" data-widget_type=\"heading.default\">\n\t\t\t\t<div class=\"elementor-widget-container\">\n\t\t\t\t\t<h2 class=\"elementor-heading-title elementor-size-default\">Grundlage der Osteopathie<\/h2>\t\t\t\t<\/div>\n\t\t\t\t<\/div>\n\t\t\t\t\t<\/div>\n\t\t<\/div>\n\t\t\t\t\t<\/div>\n\t\t<\/section>\n\t\t\t\t<section class=\"elementor-section elementor-top-section elementor-element elementor-element-39e2a8a elementor-section-boxed elementor-section-height-default elementor-section-height-default\" data-id=\"39e2a8a\" data-element_type=\"section\" data-e-type=\"section\">\n\t\t\t\t\t\t<div class=\"elementor-container elementor-column-gap-default\">\n\t\t\t\t\t<div class=\"elementor-column elementor-col-100 elementor-top-column elementor-element elementor-element-c71ef82\" data-id=\"c71ef82\" data-element_type=\"column\" data-e-type=\"column\">\n\t\t\t<div class=\"elementor-widget-wrap elementor-element-populated\">\n\t\t\t\t\t\t<div class=\"elementor-element elementor-element-a1346aa elementor-widget elementor-widget-text-editor\" data-id=\"a1346aa\" data-element_type=\"widget\" data-e-type=\"widget\" data-widget_type=\"text-editor.default\">\n\t\t\t\t<div class=\"elementor-widget-container\">\n\t\t\t\t\t\t\t\t\t<p>Grundlage der Osteopathie ist die funktionelle Anatomie, die das \u201eWie\u201c und das \u201eWarum\u201c der ana\u00adto\u00admi\u00adschen Struk\u00adtu\u00adren betrachtet. Der Osteopath konzentriert sich\u00a0bei seiner Behandlung auf drei zentrale Strukturebenen,<\/p>\t\t\t\t\t\t\t\t<\/div>\n\t\t\t\t<\/div>\n\t\t\t\t\t<\/div>\n\t\t<\/div>\n\t\t\t\t\t<\/div>\n\t\t<\/section>\n\t\t\t\t<section class=\"elementor-section elementor-top-section elementor-element elementor-element-59524d4 elementor-section-boxed elementor-section-height-default elementor-section-height-default\" data-id=\"59524d4\" data-element_type=\"section\" data-e-type=\"section\">\n\t\t\t\t\t\t<div class=\"elementor-container elementor-column-gap-default\">\n\t\t\t\t\t<div class=\"elementor-column elementor-col-100 elementor-top-column elementor-element elementor-element-12558d1\" data-id=\"12558d1\" data-element_type=\"column\" data-e-type=\"column\">\n\t\t\t<div class=\"elementor-widget-wrap elementor-element-populated\">\n\t\t\t\t\t\t<div class=\"elementor-element elementor-element-f477c9d elementor-widget elementor-widget-text-editor\" data-id=\"f477c9d\" data-element_type=\"widget\" data-e-type=\"widget\" data-widget_type=\"text-editor.default\">\n\t\t\t\t<div class=\"elementor-widget-container\">\n\t\t\t\t\t\t\t\t\t<ul><li>den Bewegungsapparat (mit den Gelenken, der Sta\u00adtik, der Wirbel\u00ads\u00e4ule, den Knochen, Muskeln, Sehnen und B\u00e4ndern, \u2026),<\/li><li>das innere Organsystem (mit dem Ver\u00addau\u00adungstrakt, dem gyn\u00e4kol\u00ado\u00adgis\u00adchen Bere\u00adich, der Blase, Niere, Leber, Lunge,\u2026)<\/li><li>und den kraniosakralen Bereich (mit dem Sch\u00e4del, Hirnh\u00e4uten und Kreuzbein)<\/li><\/ul>\t\t\t\t\t\t\t\t<\/div>\n\t\t\t\t<\/div>\n\t\t\t\t\t<\/div>\n\t\t<\/div>\n\t\t\t\t\t<\/div>\n\t\t<\/section>\n\t\t\t\t<section class=\"elementor-section elementor-top-section elementor-element elementor-element-956a75b elementor-section-boxed elementor-section-height-default elementor-section-height-default\" data-id=\"956a75b\" data-element_type=\"section\" data-e-type=\"section\">\n\t\t\t\t\t\t<div class=\"elementor-container elementor-column-gap-default\">\n\t\t\t\t\t<div class=\"elementor-column elementor-col-100 elementor-top-column elementor-element elementor-element-0b17951\" data-id=\"0b17951\" data-element_type=\"column\" data-e-type=\"column\">\n\t\t\t<div class=\"elementor-widget-wrap elementor-element-populated\">\n\t\t\t\t\t\t<div class=\"elementor-element elementor-element-8cca07b elementor-widget elementor-widget-text-editor\" data-id=\"8cca07b\" data-element_type=\"widget\" data-e-type=\"widget\" data-widget_type=\"text-editor.default\">\n\t\t\t\t<div class=\"elementor-widget-container\">\n\t\t\t\t\t\t\t\t\t<p>sowie auf ihr Zusammenspiel. Funktionsst\u00f6rungen im K\u00f6rper gr\u00fcnden sich fast immer auf ein gest\u00f6rtes Zusammenspiel zwischen den verschiedenen Systemen und Organen des K\u00f6rpers.<\/p>\t\t\t\t\t\t\t\t<\/div>\n\t\t\t\t<\/div>\n\t\t\t\t\t<\/div>\n\t\t<\/div>\n\t\t\t\t\t<\/div>\n\t\t<\/section>\n\t\t\t\t<section class=\"elementor-section elementor-top-section elementor-element elementor-element-53aabb8 elementor-section-boxed elementor-section-height-default elementor-section-height-default\" data-id=\"53aabb8\" data-element_type=\"section\" data-e-type=\"section\">\n\t\t\t\t\t\t<div class=\"elementor-container elementor-column-gap-default\">\n\t\t\t\t\t<div class=\"elementor-column elementor-col-100 elementor-top-column elementor-element elementor-element-81cc98c\" data-id=\"81cc98c\" data-element_type=\"column\" data-e-type=\"column\">\n\t\t\t<div class=\"elementor-widget-wrap elementor-element-populated\">\n\t\t\t\t\t\t<div class=\"elementor-element elementor-element-1d31e14 elementor-widget elementor-widget-heading\" data-id=\"1d31e14\" data-element_type=\"widget\" data-e-type=\"widget\" data-widget_type=\"heading.default\">\n\t\t\t\t<div class=\"elementor-widget-container\">\n\t\t\t\t\t<h2 class=\"elementor-heading-title elementor-size-default\">Ganzheitlichkeit der Osteopathie<\/h2>\t\t\t\t<\/div>\n\t\t\t\t<\/div>\n\t\t\t\t\t<\/div>\n\t\t<\/div>\n\t\t\t\t\t<\/div>\n\t\t<\/section>\n\t\t\t\t<section class=\"elementor-section elementor-top-section elementor-element elementor-element-4494292 elementor-section-boxed elementor-section-height-default elementor-section-height-default\" data-id=\"4494292\" data-element_type=\"section\" data-e-type=\"section\">\n\t\t\t\t\t\t<div class=\"elementor-container elementor-column-gap-default\">\n\t\t\t\t\t<div class=\"elementor-column elementor-col-100 elementor-top-column elementor-element elementor-element-104d27a\" data-id=\"104d27a\" data-element_type=\"column\" data-e-type=\"column\">\n\t\t\t<div class=\"elementor-widget-wrap elementor-element-populated\">\n\t\t\t\t\t\t<div class=\"elementor-element elementor-element-004751a elementor-widget elementor-widget-text-editor\" data-id=\"004751a\" data-element_type=\"widget\" data-e-type=\"widget\" data-widget_type=\"text-editor.default\">\n\t\t\t\t<div class=\"elementor-widget-container\">\n\t\t\t\t\t\t\t\t\t<p>Da bei einer osteopathischen Behandlung immer der gesamte Mensch und das Zusammenwirken der Systeme und Organe seines K\u00f6rpers betrachtet\u00a0werden, wird die Osteopathie auch nicht in eine Osteopathie f\u00fcr den R\u00fccken, eine Osteopathie f\u00fcr den Kiefer, eine Osteopathie f\u00fcr den Magen-Darm-Trakt oder eine Osteopathie f\u00fcr die Ohren unterteilt.<\/p>\t\t\t\t\t\t\t\t<\/div>\n\t\t\t\t<\/div>\n\t\t\t\t\t<\/div>\n\t\t<\/div>\n\t\t\t\t\t<\/div>\n\t\t<\/section>\n\t\t\t\t<\/div>\n\t\t","protected":false},"excerpt":{"rendered":"<p>Die Osteo\u00adpa\u00adthie ist eine Behand\u00adlungsform, die ohne Hil\u00adf\u00ads\u00admit\u00adtel, nur mit den H\u00e4n\u00adden, durchge\u00adf\u00fchrt wird. Mit speziellen osteopathischen Techniken, ersp\u00fcrt der Osteopath Funktionsst\u00f6rungen im Gesamtsystem des Patienten. Da sich eine Funk\u00adti\u00adons\u00adst\u00f6\u00adrung von einem Bere\u00adich im K\u00f6rper, auf ganz andere Berei\u00adche im K\u00f6r\u00adper oder auch auf das gan\u00adze Sys\u00adtem aus\u00adwir\u00adken kann, liegen die Ursa\u00adchen von den eigentlichen\u00a0Beschwer\u00adden oft weit entfernt. Die Osteopathie konzentriert sich bei ihrer Behandlung daher immer auf das\u00a0Gesamt\u00adsys\u00adtem K\u00f6r\u00adper. Wird eine Struktur, zum Beispiel ein Fu\u00dfgelenk, durch Verspannungen, Fehlhaltungen oder Verletzungen in seiner Beweglichkeit eingeschr\u00e4nkt, beeinflusst das dessen Funktion. Hierbei hat es nicht nur Konsequenzen f\u00fcr das Fu\u00dfgelenk, sondern es werden, zum Beispiel durch Schonhaltung, auch das Kniegelenk, H\u00fcftgelenk, Wirbels\u00e4ule usw. gest\u00f6rt. Es besteht also die M\u00f6glichkeit, dass die Ursache von R\u00fcckenbeschwerden am Fu\u00dfgelenk liegt. Grundlage der Osteopathie Grundlage der Osteopathie ist die funktionelle Anatomie, die das \u201eWie\u201c und das \u201eWarum\u201c der ana\u00adto\u00admi\u00adschen Struk\u00adtu\u00adren betrachtet. Der Osteopath konzentriert sich\u00a0bei seiner Behandlung auf drei zentrale Strukturebenen, den Bewegungsapparat (mit den Gelenken, der Sta\u00adtik, der Wirbel\u00ads\u00e4ule, den Knochen, Muskeln, Sehnen und B\u00e4ndern, \u2026), das innere Organsystem (mit dem Ver\u00addau\u00adungstrakt, dem gyn\u00e4kol\u00ado\u00adgis\u00adchen Bere\u00adich, der Blase, Niere, Leber, Lunge,\u2026) und den kraniosakralen Bereich (mit dem Sch\u00e4del, Hirnh\u00e4uten und Kreuzbein) sowie auf ihr Zusammenspiel. Funktionsst\u00f6rungen im K\u00f6rper gr\u00fcnden sich fast immer auf ein gest\u00f6rtes Zusammenspiel zwischen den verschiedenen Systemen und Organen des K\u00f6rpers. Ganzheitlichkeit der Osteopathie Da bei einer osteopathischen Behandlung immer der gesamte Mensch und das Zusammenwirken der Systeme und Organe seines K\u00f6rpers betrachtet\u00a0werden, wird die Osteopathie auch nicht in eine Osteopathie f\u00fcr den R\u00fccken, eine Osteopathie f\u00fcr den Kiefer, eine Osteopathie f\u00fcr den Magen-Darm-Trakt oder eine Osteopathie f\u00fcr die Ohren unterteilt.<\/p>\n","protected":false},"author":1,"featured_media":0,"parent":0,"menu_order":0,"comment_status":"closed","ping_status":"closed","template":"","meta":{"footnotes":""},"class_list":["post-15","page","type-page","status-publish","hentry"],"acf":[],"_links":{"self":[{"href":"https:\/\/osteo-schroeder.de\/index.php?rest_route=\/wp\/v2\/pages\/15","targetHints":{"allow":["GET"]}}],"collection":[{"href":"https:\/\/osteo-schroeder.de\/index.php?rest_route=\/wp\/v2\/pages"}],"about":[{"href":"https:\/\/osteo-schroeder.de\/index.php?rest_route=\/wp\/v2\/types\/page"}],"author":[{"embeddable":true,"href":"https:\/\/osteo-schroeder.de\/index.php?rest_route=\/wp\/v2\/users\/1"}],"replies":[{"embeddable":true,"href":"https:\/\/osteo-schroeder.de\/index.php?rest_route=%2Fwp%2Fv2%2Fcomments&post=15"}],"version-history":[{"count":17,"href":"https:\/\/osteo-schroeder.de\/index.php?rest_route=\/wp\/v2\/pages\/15\/revisions"}],"predecessor-version":[{"id":226,"href":"https:\/\/osteo-schroeder.de\/index.php?rest_route=\/wp\/v2\/pages\/15\/revisions\/226"}],"wp:attachment":[{"href":"https:\/\/osteo-schroeder.de\/index.php?rest_route=%2Fwp%2Fv2%2Fmedia&parent=15"}],"curies":[{"name":"wp","href":"https:\/\/api.w.org\/{rel}","templated":true}]}}