{"id":19,"date":"2021-11-29T10:48:39","date_gmt":"2021-11-29T10:48:39","guid":{"rendered":"https:\/\/osteo-schroeder.de\/?page_id=19"},"modified":"2023-04-20T08:48:08","modified_gmt":"2023-04-20T08:48:08","slug":"kosten","status":"publish","type":"page","link":"https:\/\/osteo-schroeder.de\/?page_id=19","title":{"rendered":"Kosten"},"content":{"rendered":"\t\t<div data-elementor-type=\"wp-page\" data-elementor-id=\"19\" class=\"elementor elementor-19\">\n\t\t\t\t\t\t<section class=\"elementor-section elementor-top-section elementor-element elementor-element-557ffe3 elementor-section-boxed elementor-section-height-default elementor-section-height-default\" data-id=\"557ffe3\" data-element_type=\"section\" data-e-type=\"section\">\n\t\t\t\t\t\t<div class=\"elementor-container elementor-column-gap-default\">\n\t\t\t\t\t<div class=\"elementor-column elementor-col-100 elementor-top-column elementor-element elementor-element-a689bd3\" data-id=\"a689bd3\" data-element_type=\"column\" data-e-type=\"column\">\n\t\t\t<div class=\"elementor-widget-wrap elementor-element-populated\">\n\t\t\t\t\t\t<div class=\"elementor-element elementor-element-245e6c0 elementor-widget elementor-widget-text-editor\" data-id=\"245e6c0\" data-element_type=\"widget\" data-e-type=\"widget\" data-widget_type=\"text-editor.default\">\n\t\t\t\t<div class=\"elementor-widget-container\">\n\t\t\t\t\t\t\t\t\t<p>Die Kosten einer osteopathischen Behandlung liegen bei Erwachsenen zwischen 90\u20ac und 110\u20ac und bei Kindern zwischen 80\u20ac und 100\u20ac.<\/p><p>Die privaten Kran\u00adken\u00adkas\u00adsen \u00fcber\u00adneh\u00admen in der Regel die Behand\u00adlungs\u00adkos\u00adten. F\u00fcr Privatpatienten erfolgt die Berechnung nach der Geb\u00fchrenordnung der Heilpraktiker (Geb\u00fcH). Auch immer mehr gesetz\u00adli\u00adche Kran\u00adken\u00adkas\u00adsen \u00fcber\u00adneh\u00admen einen Gro\u00df\u00adteil der Kos\u00adten f\u00fcr die osteo\u00adpa\u00adthi\u00adsche Behand\u00adlung. Anfang 2015 waren es schon bereits 73 gesetz\u00adli\u00adche Kran\u00adken\u00adkas\u00adsen, und damit \u00fcber die H\u00e4lfte der\u00a0Kran\u00adken\u00adkas\u00adsen, die die Kos\u00adten f\u00fcr die osteo\u00adpa\u00adthi\u00adsche Behand\u00adlung antei\u00adlig erstat\u00adten.<\/p>\t\t\t\t\t\t\t\t<\/div>\n\t\t\t\t<\/div>\n\t\t\t\t\t<\/div>\n\t\t<\/div>\n\t\t\t\t\t<\/div>\n\t\t<\/section>\n\t\t\t\t<section class=\"elementor-section elementor-top-section elementor-element elementor-element-3ecb0f9 elementor-section-boxed elementor-section-height-default elementor-section-height-default\" data-id=\"3ecb0f9\" data-element_type=\"section\" data-e-type=\"section\">\n\t\t\t\t\t\t<div class=\"elementor-container elementor-column-gap-default\">\n\t\t\t\t\t<div class=\"elementor-column elementor-col-100 elementor-top-column elementor-element elementor-element-fa6076c\" data-id=\"fa6076c\" data-element_type=\"column\" data-e-type=\"column\">\n\t\t\t<div class=\"elementor-widget-wrap elementor-element-populated\">\n\t\t\t\t\t\t<div class=\"elementor-element elementor-element-5f90de1 elementor-widget elementor-widget-heading\" data-id=\"5f90de1\" data-element_type=\"widget\" data-e-type=\"widget\" data-widget_type=\"heading.default\">\n\t\t\t\t<div class=\"elementor-widget-container\">\n\t\t\t\t\t<h2 class=\"elementor-heading-title elementor-size-default\">\u00dcbersicht \u00fcber die Kostenerstattung f\u00fcr die Zusatzleistung Osteopathie:<\/h2>\t\t\t\t<\/div>\n\t\t\t\t<\/div>\n\t\t\t\t\t<\/div>\n\t\t<\/div>\n\t\t\t\t\t<\/div>\n\t\t<\/section>\n\t\t\t\t<section class=\"elementor-section elementor-top-section elementor-element elementor-element-124965a elementor-section-boxed elementor-section-height-default elementor-section-height-default\" data-id=\"124965a\" data-element_type=\"section\" data-e-type=\"section\">\n\t\t\t\t\t\t<div class=\"elementor-container elementor-column-gap-default\">\n\t\t\t\t\t<div class=\"elementor-column elementor-col-100 elementor-top-column elementor-element elementor-element-5051a37\" data-id=\"5051a37\" data-element_type=\"column\" data-e-type=\"column\">\n\t\t\t<div class=\"elementor-widget-wrap elementor-element-populated\">\n\t\t\t\t\t\t<div class=\"elementor-element elementor-element-753e986 elementor-widget elementor-widget-text-editor\" data-id=\"753e986\" data-element_type=\"widget\" data-e-type=\"widget\" data-widget_type=\"text-editor.default\">\n\t\t\t\t<div class=\"elementor-widget-container\">\n\t\t\t\t\t\t\t\t\t<p>Hier fin\u00adden Sie\u00a0eine \u00dcber\u00adsicht, \u00fcber die Kran\u00adken\u00adkas\u00adsen, die die osteo\u00adpa\u00adthi\u00adsche Behand\u00adlung antei\u00adlig oder voll erstat\u00adten (Stand Januar\u00a02018 \u2013 \u00c4nderungen sind durchaus m\u00f6glich). Es ist immer sinnvoll, vor Beginn einer osteopathischen Behandlung, zur jeweiligen Krankenkasse Kontakt\u00a0aufzunehmen und sich bez\u00fcglich der Kosten\u00fcbernahme zu informieren.<\/p>\t\t\t\t\t\t\t\t<\/div>\n\t\t\t\t<\/div>\n\t\t\t\t\t<\/div>\n\t\t<\/div>\n\t\t\t\t\t<\/div>\n\t\t<\/section>\n\t\t\t\t<\/div>\n\t\t","protected":false},"excerpt":{"rendered":"<p>Die Kosten einer osteopathischen Behandlung liegen bei Erwachsenen zwischen 90\u20ac und 110\u20ac und bei Kindern zwischen 80\u20ac und 100\u20ac. Die privaten Kran\u00adken\u00adkas\u00adsen \u00fcber\u00adneh\u00admen in der Regel die Behand\u00adlungs\u00adkos\u00adten. F\u00fcr Privatpatienten erfolgt die Berechnung nach der Geb\u00fchrenordnung der Heilpraktiker (Geb\u00fcH). Auch immer mehr gesetz\u00adli\u00adche Kran\u00adken\u00adkas\u00adsen \u00fcber\u00adneh\u00admen einen Gro\u00df\u00adteil der Kos\u00adten f\u00fcr die osteo\u00adpa\u00adthi\u00adsche Behand\u00adlung. Anfang 2015 waren es schon bereits 73 gesetz\u00adli\u00adche Kran\u00adken\u00adkas\u00adsen, und damit \u00fcber die H\u00e4lfte der\u00a0Kran\u00adken\u00adkas\u00adsen, die die Kos\u00adten f\u00fcr die osteo\u00adpa\u00adthi\u00adsche Behand\u00adlung antei\u00adlig erstat\u00adten. \u00dcbersicht \u00fcber die Kostenerstattung f\u00fcr die Zusatzleistung Osteopathie: Hier fin\u00adden Sie\u00a0eine \u00dcber\u00adsicht, \u00fcber die Kran\u00adken\u00adkas\u00adsen, die die osteo\u00adpa\u00adthi\u00adsche Behand\u00adlung antei\u00adlig oder voll erstat\u00adten (Stand Januar\u00a02018 \u2013 \u00c4nderungen sind durchaus m\u00f6glich). Es ist immer sinnvoll, vor Beginn einer osteopathischen Behandlung, zur jeweiligen Krankenkasse Kontakt\u00a0aufzunehmen und sich bez\u00fcglich der Kosten\u00fcbernahme zu informieren.<\/p>\n","protected":false},"author":1,"featured_media":0,"parent":0,"menu_order":0,"comment_status":"closed","ping_status":"closed","template":"","meta":{"footnotes":""},"class_list":["post-19","page","type-page","status-publish","hentry"],"acf":[],"_links":{"self":[{"href":"https:\/\/osteo-schroeder.de\/index.php?rest_route=\/wp\/v2\/pages\/19","targetHints":{"allow":["GET"]}}],"collection":[{"href":"https:\/\/osteo-schroeder.de\/index.php?rest_route=\/wp\/v2\/pages"}],"about":[{"href":"https:\/\/osteo-schroeder.de\/index.php?rest_route=\/wp\/v2\/types\/page"}],"author":[{"embeddable":true,"href":"https:\/\/osteo-schroeder.de\/index.php?rest_route=\/wp\/v2\/users\/1"}],"replies":[{"embeddable":true,"href":"https:\/\/osteo-schroeder.de\/index.php?rest_route=%2Fwp%2Fv2%2Fcomments&post=19"}],"version-history":[{"count":35,"href":"https:\/\/osteo-schroeder.de\/index.php?rest_route=\/wp\/v2\/pages\/19\/revisions"}],"predecessor-version":[{"id":1014,"href":"https:\/\/osteo-schroeder.de\/index.php?rest_route=\/wp\/v2\/pages\/19\/revisions\/1014"}],"wp:attachment":[{"href":"https:\/\/osteo-schroeder.de\/index.php?rest_route=%2Fwp%2Fv2%2Fmedia&parent=19"}],"curies":[{"name":"wp","href":"https:\/\/api.w.org\/{rel}","templated":true}]}}