{"id":21,"date":"2021-11-29T10:19:33","date_gmt":"2021-11-29T10:19:33","guid":{"rendered":"https:\/\/osteo-schroeder.de\/?page_id=21"},"modified":"2021-11-29T12:05:45","modified_gmt":"2021-11-29T12:05:45","slug":"osteopathische-behandlung","status":"publish","type":"page","link":"https:\/\/osteo-schroeder.de\/?page_id=21","title":{"rendered":"Behandlungsablauf"},"content":{"rendered":"\t\t<div data-elementor-type=\"wp-page\" data-elementor-id=\"21\" class=\"elementor elementor-21\">\n\t\t\t\t\t\t<section class=\"elementor-section elementor-top-section elementor-element elementor-element-05614f1 elementor-section-boxed elementor-section-height-default elementor-section-height-default\" data-id=\"05614f1\" data-element_type=\"section\" data-e-type=\"section\">\n\t\t\t\t\t\t<div class=\"elementor-container elementor-column-gap-default\">\n\t\t\t\t\t<div class=\"elementor-column elementor-col-100 elementor-top-column elementor-element elementor-element-cad29ab\" data-id=\"cad29ab\" data-element_type=\"column\" data-e-type=\"column\">\n\t\t\t<div class=\"elementor-widget-wrap elementor-element-populated\">\n\t\t\t\t\t\t<div class=\"elementor-element elementor-element-5479389 elementor-widget elementor-widget-heading\" data-id=\"5479389\" data-element_type=\"widget\" data-e-type=\"widget\" data-widget_type=\"heading.default\">\n\t\t\t\t<div class=\"elementor-widget-container\">\n\t\t\t\t\t<h2 class=\"elementor-heading-title elementor-size-default\">Krankengeschichte (Anamnese)<\/h2>\t\t\t\t<\/div>\n\t\t\t\t<\/div>\n\t\t\t\t\t<\/div>\n\t\t<\/div>\n\t\t\t\t\t<\/div>\n\t\t<\/section>\n\t\t\t\t<section class=\"elementor-section elementor-top-section elementor-element elementor-element-35f0abf elementor-section-boxed elementor-section-height-default elementor-section-height-default\" data-id=\"35f0abf\" data-element_type=\"section\" data-e-type=\"section\">\n\t\t\t\t\t\t<div class=\"elementor-container elementor-column-gap-default\">\n\t\t\t\t\t<div class=\"elementor-column elementor-col-100 elementor-top-column elementor-element elementor-element-9b548ac\" data-id=\"9b548ac\" data-element_type=\"column\" data-e-type=\"column\">\n\t\t\t<div class=\"elementor-widget-wrap elementor-element-populated\">\n\t\t\t\t\t\t<div class=\"elementor-element elementor-element-77e6fbb elementor-widget elementor-widget-text-editor\" data-id=\"77e6fbb\" data-element_type=\"widget\" data-e-type=\"widget\" data-widget_type=\"text-editor.default\">\n\t\t\t\t<div class=\"elementor-widget-container\">\n\t\t\t\t\t\t\t\t\t<p>Zu Beginn der Behandlung wird zun\u00e4chst die Krankengeschichte erfragt, um alle wesentlichen Informationen und Details, die zur Entstehung der Beschwerden beigetragen haben, zu erfahren.<\/p>\t\t\t\t\t\t\t\t<\/div>\n\t\t\t\t<\/div>\n\t\t\t\t\t<\/div>\n\t\t<\/div>\n\t\t\t\t\t<\/div>\n\t\t<\/section>\n\t\t\t\t<section class=\"elementor-section elementor-top-section elementor-element elementor-element-e3e9689 elementor-section-boxed elementor-section-height-default elementor-section-height-default\" data-id=\"e3e9689\" data-element_type=\"section\" data-e-type=\"section\">\n\t\t\t\t\t\t<div class=\"elementor-container elementor-column-gap-default\">\n\t\t\t\t\t<div class=\"elementor-column elementor-col-100 elementor-top-column elementor-element elementor-element-054aa4f\" data-id=\"054aa4f\" data-element_type=\"column\" data-e-type=\"column\">\n\t\t\t<div class=\"elementor-widget-wrap elementor-element-populated\">\n\t\t\t\t\t\t<div class=\"elementor-element elementor-element-46c6293 elementor-widget elementor-widget-heading\" data-id=\"46c6293\" data-element_type=\"widget\" data-e-type=\"widget\" data-widget_type=\"heading.default\">\n\t\t\t\t<div class=\"elementor-widget-container\">\n\t\t\t\t\t<h2 class=\"elementor-heading-title elementor-size-default\">K\u00f6rperliche Untersuchung (Inspektion)<\/h2>\t\t\t\t<\/div>\n\t\t\t\t<\/div>\n\t\t\t\t\t<\/div>\n\t\t<\/div>\n\t\t\t\t\t<\/div>\n\t\t<\/section>\n\t\t\t\t<section class=\"elementor-section elementor-top-section elementor-element elementor-element-001743c elementor-section-boxed elementor-section-height-default elementor-section-height-default\" data-id=\"001743c\" data-element_type=\"section\" data-e-type=\"section\">\n\t\t\t\t\t\t<div class=\"elementor-container elementor-column-gap-default\">\n\t\t\t\t\t<div class=\"elementor-column elementor-col-100 elementor-top-column elementor-element elementor-element-e23f6dc\" data-id=\"e23f6dc\" data-element_type=\"column\" data-e-type=\"column\">\n\t\t\t<div class=\"elementor-widget-wrap elementor-element-populated\">\n\t\t\t\t\t\t<div class=\"elementor-element elementor-element-5083f2d elementor-widget elementor-widget-text-editor\" data-id=\"5083f2d\" data-element_type=\"widget\" data-e-type=\"widget\" data-widget_type=\"text-editor.default\">\n\t\t\t\t<div class=\"elementor-widget-container\">\n\t\t\t\t\t\t\t\t\t<p>Anschlie\u00dfend finden die Untersuchung und die Behandlung statt, wobei immer alle drei Teilbereiche der Osteoathie ber\u00fccksichtigt werden<\/p>\t\t\t\t\t\t\t\t<\/div>\n\t\t\t\t<\/div>\n\t\t\t\t\t<\/div>\n\t\t<\/div>\n\t\t\t\t\t<\/div>\n\t\t<\/section>\n\t\t\t\t<section class=\"elementor-section elementor-top-section elementor-element elementor-element-1049626 elementor-section-boxed elementor-section-height-default elementor-section-height-default\" data-id=\"1049626\" data-element_type=\"section\" data-e-type=\"section\">\n\t\t\t\t\t\t<div class=\"elementor-container elementor-column-gap-default\">\n\t\t\t\t\t<div class=\"elementor-column elementor-col-100 elementor-top-column elementor-element elementor-element-d4528d6\" data-id=\"d4528d6\" data-element_type=\"column\" data-e-type=\"column\">\n\t\t\t<div class=\"elementor-widget-wrap elementor-element-populated\">\n\t\t\t\t\t\t<div class=\"elementor-element elementor-element-47130f0 elementor-widget elementor-widget-text-editor\" data-id=\"47130f0\" data-element_type=\"widget\" data-e-type=\"widget\" data-widget_type=\"text-editor.default\">\n\t\t\t\t<div class=\"elementor-widget-container\">\n\t\t\t\t\t\t\t\t\t<ul><li>Bewegungsapparat (Parietale Osteopathie)<br \/>Hierzu geh\u00f6ren alle Gelenke, Statik, die Wirbels\u00e4ule, Knochen, Muskeln, Sehnen und B\u00e4nder.<\/li><li>Das innere Organsystem (Viscerale Osteopathie)<br \/>Hierzu geh\u00f6ren z.B. Verdauungstrakt, gyn\u00e4kologischer Bereich, Blase, Niere, Leber, Lunge,\u2026<\/li><li>Sch\u00e4del \u2013 Hirnh\u00e4ute \u2013 Kreuzbein (Cranio-sacrale Osteopathie)<br \/>\u00dcber die Hirnh\u00e4ute (durale System) steht der Sch\u00e4del (Cranium) mit dem Kreuzbein (Sacrum) in Verbindung<\/li><\/ul>\t\t\t\t\t\t\t\t<\/div>\n\t\t\t\t<\/div>\n\t\t\t\t\t<\/div>\n\t\t<\/div>\n\t\t\t\t\t<\/div>\n\t\t<\/section>\n\t\t\t\t<section class=\"elementor-section elementor-top-section elementor-element elementor-element-1dc44df elementor-section-boxed elementor-section-height-default elementor-section-height-default\" data-id=\"1dc44df\" data-element_type=\"section\" data-e-type=\"section\">\n\t\t\t\t\t\t<div class=\"elementor-container elementor-column-gap-default\">\n\t\t\t\t\t<div class=\"elementor-column elementor-col-100 elementor-top-column elementor-element elementor-element-feafbe0\" data-id=\"feafbe0\" data-element_type=\"column\" data-e-type=\"column\">\n\t\t\t<div class=\"elementor-widget-wrap elementor-element-populated\">\n\t\t\t\t\t\t<div class=\"elementor-element elementor-element-463e4ea elementor-widget elementor-widget-heading\" data-id=\"463e4ea\" data-element_type=\"widget\" data-e-type=\"widget\" data-widget_type=\"heading.default\">\n\t\t\t\t<div class=\"elementor-widget-container\">\n\t\t\t\t\t<h2 class=\"elementor-heading-title elementor-size-default\">Dauer<\/h2>\t\t\t\t<\/div>\n\t\t\t\t<\/div>\n\t\t\t\t\t<\/div>\n\t\t<\/div>\n\t\t\t\t\t<\/div>\n\t\t<\/section>\n\t\t\t\t<section class=\"elementor-section elementor-top-section elementor-element elementor-element-57759b6 elementor-section-boxed elementor-section-height-default elementor-section-height-default\" data-id=\"57759b6\" data-element_type=\"section\" data-e-type=\"section\">\n\t\t\t\t\t\t<div class=\"elementor-container elementor-column-gap-default\">\n\t\t\t\t\t<div class=\"elementor-column elementor-col-100 elementor-top-column elementor-element elementor-element-f34cdeb\" data-id=\"f34cdeb\" data-element_type=\"column\" data-e-type=\"column\">\n\t\t\t<div class=\"elementor-widget-wrap elementor-element-populated\">\n\t\t\t\t\t\t<div class=\"elementor-element elementor-element-f8c0ae6 elementor-widget elementor-widget-text-editor\" data-id=\"f8c0ae6\" data-element_type=\"widget\" data-e-type=\"widget\" data-widget_type=\"text-editor.default\">\n\t\t\t\t<div class=\"elementor-widget-container\">\n\t\t\t\t\t\t\t\t\t<p>Der genaue Verlauf ist immer vom Einzelfall abh\u00e4ngig, da jede Behandlungssitzung individuell auf die Symptome des jeweiligen Patienten abgestimmt wird. Die Dauer einer Behandlung richtet sich nach den Beschwerden und liegt bei ca. 45 bis 55 Minuten. Die osteopathische Behandlung wirkt nach. Noch zwei bis drei Wochen sp\u00e4ter kann der K\u00f6rper auf die Behandlung reagieren.<\/p>\t\t\t\t\t\t\t\t<\/div>\n\t\t\t\t<\/div>\n\t\t\t\t\t<\/div>\n\t\t<\/div>\n\t\t\t\t\t<\/div>\n\t\t<\/section>\n\t\t\t\t<section class=\"elementor-section elementor-top-section elementor-element elementor-element-04c6854 elementor-section-boxed elementor-section-height-default elementor-section-height-default\" data-id=\"04c6854\" data-element_type=\"section\" data-e-type=\"section\">\n\t\t\t\t\t\t<div class=\"elementor-container elementor-column-gap-default\">\n\t\t\t\t\t<div class=\"elementor-column elementor-col-100 elementor-top-column elementor-element elementor-element-6861813\" data-id=\"6861813\" data-element_type=\"column\" data-e-type=\"column\">\n\t\t\t<div class=\"elementor-widget-wrap elementor-element-populated\">\n\t\t\t\t\t\t<div class=\"elementor-element elementor-element-89a6c31 elementor-widget elementor-widget-heading\" data-id=\"89a6c31\" data-element_type=\"widget\" data-e-type=\"widget\" data-widget_type=\"heading.default\">\n\t\t\t\t<div class=\"elementor-widget-container\">\n\t\t\t\t\t<h2 class=\"elementor-heading-title elementor-size-default\">Termine<\/h2>\t\t\t\t<\/div>\n\t\t\t\t<\/div>\n\t\t\t\t\t<\/div>\n\t\t<\/div>\n\t\t\t\t\t<\/div>\n\t\t<\/section>\n\t\t\t\t<section class=\"elementor-section elementor-top-section elementor-element elementor-element-48647c4 elementor-section-boxed elementor-section-height-default elementor-section-height-default\" data-id=\"48647c4\" data-element_type=\"section\" data-e-type=\"section\">\n\t\t\t\t\t\t<div class=\"elementor-container elementor-column-gap-default\">\n\t\t\t\t\t<div class=\"elementor-column elementor-col-100 elementor-top-column elementor-element elementor-element-3889543\" data-id=\"3889543\" data-element_type=\"column\" data-e-type=\"column\">\n\t\t\t<div class=\"elementor-widget-wrap elementor-element-populated\">\n\t\t\t\t\t\t<div class=\"elementor-element elementor-element-c638642 elementor-widget elementor-widget-text-editor\" data-id=\"c638642\" data-element_type=\"widget\" data-e-type=\"widget\" data-widget_type=\"text-editor.default\">\n\t\t\t\t<div class=\"elementor-widget-container\">\n\t\t\t\t\t\t\t\t\t<p>Wie viele Termine insgesamt n\u00f6tig sind, ist auch vom Einzelfall und dem jeweiligen Krankheitsbild abh\u00e4ngig. Da die meisten Patienten nach der Behandlung ihren allt\u00e4glichen Belastungen weiterhin ausgesetzt sind, werden in der Regel mindestens 3 bis 8 Behandlungen im Abstand von 3 bis 6 Wochen angesetzt, damit sich der Behandlungserfolg stabilisieren kann.<\/p>\t\t\t\t\t\t\t\t<\/div>\n\t\t\t\t<\/div>\n\t\t\t\t\t<\/div>\n\t\t<\/div>\n\t\t\t\t\t<\/div>\n\t\t<\/section>\n\t\t\t\t<section class=\"elementor-section elementor-top-section elementor-element elementor-element-a1954da elementor-section-boxed elementor-section-height-default elementor-section-height-default\" data-id=\"a1954da\" data-element_type=\"section\" data-e-type=\"section\">\n\t\t\t\t\t\t<div class=\"elementor-container elementor-column-gap-default\">\n\t\t\t\t\t<div class=\"elementor-column elementor-col-100 elementor-top-column elementor-element elementor-element-1791551\" data-id=\"1791551\" data-element_type=\"column\" data-e-type=\"column\">\n\t\t\t<div class=\"elementor-widget-wrap elementor-element-populated\">\n\t\t\t\t\t\t<div class=\"elementor-element elementor-element-357a95f elementor-widget elementor-widget-heading\" data-id=\"357a95f\" data-element_type=\"widget\" data-e-type=\"widget\" data-widget_type=\"heading.default\">\n\t\t\t\t<div class=\"elementor-widget-container\">\n\t\t\t\t\t<h2 class=\"elementor-heading-title elementor-size-default\">Kleidung<\/h2>\t\t\t\t<\/div>\n\t\t\t\t<\/div>\n\t\t\t\t\t<\/div>\n\t\t<\/div>\n\t\t\t\t\t<\/div>\n\t\t<\/section>\n\t\t\t\t<section class=\"elementor-section elementor-top-section elementor-element elementor-element-fb189a9 elementor-section-boxed elementor-section-height-default elementor-section-height-default\" data-id=\"fb189a9\" data-element_type=\"section\" data-e-type=\"section\">\n\t\t\t\t\t\t<div class=\"elementor-container elementor-column-gap-default\">\n\t\t\t\t\t<div class=\"elementor-column elementor-col-100 elementor-top-column elementor-element elementor-element-99ce8ce\" data-id=\"99ce8ce\" data-element_type=\"column\" data-e-type=\"column\">\n\t\t\t<div class=\"elementor-widget-wrap elementor-element-populated\">\n\t\t\t\t\t\t<div class=\"elementor-element elementor-element-0a47a6f elementor-widget elementor-widget-text-editor\" data-id=\"0a47a6f\" data-element_type=\"widget\" data-e-type=\"widget\" data-widget_type=\"text-editor.default\">\n\t\t\t\t<div class=\"elementor-widget-container\">\n\t\t\t\t\t\t\t\t\t<p>Es wird empfohlen geschlossene, blickdichte Unterw\u00e4sche zu tragen, da f\u00fcr die Behandlung ein Entkleiden evtl. n\u00f6tig sein k\u00f6nnte. F\u00fcr die Liege werden Papierunterlagen bereitgestellt. Falls Ihnen ein Handtuch angenehmer ist, k\u00f6nnen Sie sich das nat\u00fcrlich gerne mitbringen.<\/p>\t\t\t\t\t\t\t\t<\/div>\n\t\t\t\t<\/div>\n\t\t\t\t\t<\/div>\n\t\t<\/div>\n\t\t\t\t\t<\/div>\n\t\t<\/section>\n\t\t\t\t<section class=\"elementor-section elementor-top-section elementor-element elementor-element-92b955e elementor-section-boxed elementor-section-height-default elementor-section-height-default\" data-id=\"92b955e\" data-element_type=\"section\" data-e-type=\"section\">\n\t\t\t\t\t\t<div class=\"elementor-container elementor-column-gap-default\">\n\t\t\t\t\t<div class=\"elementor-column elementor-col-100 elementor-top-column elementor-element elementor-element-58bf54a\" data-id=\"58bf54a\" data-element_type=\"column\" data-e-type=\"column\">\n\t\t\t<div class=\"elementor-widget-wrap elementor-element-populated\">\n\t\t\t\t\t\t<div class=\"elementor-element elementor-element-8135207 elementor-widget elementor-widget-heading\" data-id=\"8135207\" data-element_type=\"widget\" data-e-type=\"widget\" data-widget_type=\"heading.default\">\n\t\t\t\t<div class=\"elementor-widget-container\">\n\t\t\t\t\t<h2 class=\"elementor-heading-title elementor-size-default\">Grenzen der Osteopathie<\/h2>\t\t\t\t<\/div>\n\t\t\t\t<\/div>\n\t\t\t\t\t<\/div>\n\t\t<\/div>\n\t\t\t\t\t<\/div>\n\t\t<\/section>\n\t\t\t\t<section class=\"elementor-section elementor-top-section elementor-element elementor-element-94d320b elementor-section-boxed elementor-section-height-default elementor-section-height-default\" data-id=\"94d320b\" data-element_type=\"section\" data-e-type=\"section\">\n\t\t\t\t\t\t<div class=\"elementor-container elementor-column-gap-default\">\n\t\t\t\t\t<div class=\"elementor-column elementor-col-100 elementor-top-column elementor-element elementor-element-8d43b88\" data-id=\"8d43b88\" data-element_type=\"column\" data-e-type=\"column\">\n\t\t\t<div class=\"elementor-widget-wrap elementor-element-populated\">\n\t\t\t\t\t\t<div class=\"elementor-element elementor-element-dbb713a elementor-widget elementor-widget-text-editor\" data-id=\"dbb713a\" data-element_type=\"widget\" data-e-type=\"widget\" data-widget_type=\"text-editor.default\">\n\t\t\t\t<div class=\"elementor-widget-container\">\n\t\t\t\t\t\t\t\t\t<p>Die Osteopathie ist keine Notfallmedizin.<br \/>Schwere und akute Krankheiten (z. B. Tumorerkrankungen, akuter Herzinfarkt, schwere bakterielle\/virale Infektionen oder starke psychische Beeintr\u00e4chtigungen) geh\u00f6ren in die H\u00e4nde eines Schulmediziners, k\u00f6nnen aber durch eine osteopathische Therapie unterst\u00fctzend begleitet werden.<\/p>\t\t\t\t\t\t\t\t<\/div>\n\t\t\t\t<\/div>\n\t\t\t\t\t<\/div>\n\t\t<\/div>\n\t\t\t\t\t<\/div>\n\t\t<\/section>\n\t\t\t\t<\/div>\n\t\t","protected":false},"excerpt":{"rendered":"<p>Krankengeschichte (Anamnese) Zu Beginn der Behandlung wird zun\u00e4chst die Krankengeschichte erfragt, um alle wesentlichen Informationen und Details, die zur Entstehung der Beschwerden beigetragen haben, zu erfahren. K\u00f6rperliche Untersuchung (Inspektion) Anschlie\u00dfend finden die Untersuchung und die Behandlung statt, wobei immer alle drei Teilbereiche der Osteoathie ber\u00fccksichtigt werden Bewegungsapparat (Parietale Osteopathie)Hierzu geh\u00f6ren alle Gelenke, Statik, die Wirbels\u00e4ule, Knochen, Muskeln, Sehnen und B\u00e4nder. Das innere Organsystem (Viscerale Osteopathie)Hierzu geh\u00f6ren z.B. Verdauungstrakt, gyn\u00e4kologischer Bereich, Blase, Niere, Leber, Lunge,\u2026 Sch\u00e4del \u2013 Hirnh\u00e4ute \u2013 Kreuzbein (Cranio-sacrale Osteopathie)\u00dcber die Hirnh\u00e4ute (durale System) steht der Sch\u00e4del (Cranium) mit dem Kreuzbein (Sacrum) in Verbindung Dauer Der genaue Verlauf ist immer vom Einzelfall abh\u00e4ngig, da jede Behandlungssitzung individuell auf die Symptome des jeweiligen Patienten abgestimmt wird. Die Dauer einer Behandlung richtet sich nach den Beschwerden und liegt bei ca. 45 bis 55 Minuten. Die osteopathische Behandlung wirkt nach. Noch zwei bis drei Wochen sp\u00e4ter kann der K\u00f6rper auf die Behandlung reagieren. Termine Wie viele Termine insgesamt n\u00f6tig sind, ist auch vom Einzelfall und dem jeweiligen Krankheitsbild abh\u00e4ngig. Da die meisten Patienten nach der Behandlung ihren allt\u00e4glichen Belastungen weiterhin ausgesetzt sind, werden in der Regel mindestens 3 bis 8 Behandlungen im Abstand von 3 bis 6 Wochen angesetzt, damit sich der Behandlungserfolg stabilisieren kann. Kleidung Es wird empfohlen geschlossene, blickdichte Unterw\u00e4sche zu tragen, da f\u00fcr die Behandlung ein Entkleiden evtl. n\u00f6tig sein k\u00f6nnte. F\u00fcr die Liege werden Papierunterlagen bereitgestellt. Falls Ihnen ein Handtuch angenehmer ist, k\u00f6nnen Sie sich das nat\u00fcrlich gerne mitbringen. Grenzen der Osteopathie Die Osteopathie ist keine Notfallmedizin.Schwere und akute Krankheiten (z. B. Tumorerkrankungen, akuter Herzinfarkt, schwere bakterielle\/virale Infektionen oder starke psychische Beeintr\u00e4chtigungen) geh\u00f6ren in die H\u00e4nde eines Schulmediziners, k\u00f6nnen aber durch eine osteopathische Therapie unterst\u00fctzend begleitet werden.<\/p>\n","protected":false},"author":1,"featured_media":0,"parent":0,"menu_order":0,"comment_status":"closed","ping_status":"closed","template":"","meta":{"footnotes":""},"class_list":["post-21","page","type-page","status-publish","hentry"],"acf":[],"_links":{"self":[{"href":"https:\/\/osteo-schroeder.de\/index.php?rest_route=\/wp\/v2\/pages\/21","targetHints":{"allow":["GET"]}}],"collection":[{"href":"https:\/\/osteo-schroeder.de\/index.php?rest_route=\/wp\/v2\/pages"}],"about":[{"href":"https:\/\/osteo-schroeder.de\/index.php?rest_route=\/wp\/v2\/types\/page"}],"author":[{"embeddable":true,"href":"https:\/\/osteo-schroeder.de\/index.php?rest_route=\/wp\/v2\/users\/1"}],"replies":[{"embeddable":true,"href":"https:\/\/osteo-schroeder.de\/index.php?rest_route=%2Fwp%2Fv2%2Fcomments&post=21"}],"version-history":[{"count":30,"href":"https:\/\/osteo-schroeder.de\/index.php?rest_route=\/wp\/v2\/pages\/21\/revisions"}],"predecessor-version":[{"id":235,"href":"https:\/\/osteo-schroeder.de\/index.php?rest_route=\/wp\/v2\/pages\/21\/revisions\/235"}],"wp:attachment":[{"href":"https:\/\/osteo-schroeder.de\/index.php?rest_route=%2Fwp%2Fv2%2Fmedia&parent=21"}],"curies":[{"name":"wp","href":"https:\/\/api.w.org\/{rel}","templated":true}]}}