{"id":23,"date":"2021-11-29T10:19:51","date_gmt":"2021-11-29T10:19:51","guid":{"rendered":"https:\/\/osteo-schroeder.de\/?page_id=23"},"modified":"2022-01-10T14:58:15","modified_gmt":"2022-01-10T14:58:15","slug":"impressum","status":"publish","type":"page","link":"https:\/\/osteo-schroeder.de\/?page_id=23","title":{"rendered":"Impressum"},"content":{"rendered":"\t\t<div data-elementor-type=\"wp-page\" data-elementor-id=\"23\" class=\"elementor elementor-23\">\n\t\t\t\t\t\t<section class=\"elementor-section elementor-top-section elementor-element elementor-element-b21e681 elementor-section-boxed elementor-section-height-default elementor-section-height-default\" data-id=\"b21e681\" data-element_type=\"section\" data-e-type=\"section\">\n\t\t\t\t\t\t<div class=\"elementor-container elementor-column-gap-default\">\n\t\t\t\t\t<div class=\"elementor-column elementor-col-100 elementor-top-column elementor-element elementor-element-fd42b22\" data-id=\"fd42b22\" data-element_type=\"column\" data-e-type=\"column\">\n\t\t\t<div class=\"elementor-widget-wrap elementor-element-populated\">\n\t\t\t\t\t\t<div class=\"elementor-element elementor-element-33cb08f elementor-widget elementor-widget-text-editor\" data-id=\"33cb08f\" data-element_type=\"widget\" data-e-type=\"widget\" data-widget_type=\"text-editor.default\">\n\t\t\t\t<div class=\"elementor-widget-container\">\n\t\t\t\t\t\t\t\t\t<p>Andreas Schr\u00f6der (Osteopath, Heilpraktiker)<\/p><p class=\"body\">Bahnhofstr. 13<br \/>55116 Mainz<\/p><p class=\"body\">Telefon: 0 61 31 &#8211;\u00a0636 80 26<br \/>Telefax: 0 61 31 &#8211; 22 44 06<br \/><a title=\"mailto:mail@osteo-schroeder.de\" href=\"mailto:mail@osteo-schroeder.de\">mail(at)osteo-schroeder.de<\/a><\/p><p class=\"body\">Mitglied im\u00a0 Verband der Osteopathen Deutschland e.V. (VOD), Wiesbaden<\/p><p class=\"body\">St.Nr.: 43 867 6461<\/p><p class=\"body\">Die Berufsbezeichnung lautet Heilpraktiker.<br \/>Die berufsrechtliche Regelung bildet das \u201eGesetz \u00fcber die berufsm\u00e4\u00dfige Ausbildung der Heilkunde ohne Bestallung\u201c (Heilpraktikergesetz) vom 17.02.1939, ge\u00e4ndert durch Art.53 des EGStGB vom 02.03.1974<\/p><p class=\"body\">Inhaltlich verantwortlich gem. \u00a7 18 Abs. 2 MStV: Andreas Schr\u00f6der<\/p><p class=\"body\">Aufsichtsbeh\u00f6rde: Gesundheitsamt Mainz, Gro\u00dfe Langgasse 29, 55116 Mainz<\/p>\t\t\t\t\t\t\t\t<\/div>\n\t\t\t\t<\/div>\n\t\t\t\t\t<\/div>\n\t\t<\/div>\n\t\t\t\t\t<\/div>\n\t\t<\/section>\n\t\t\t\t<section class=\"elementor-section elementor-top-section elementor-element elementor-element-1341ca1 elementor-section-boxed elementor-section-height-default elementor-section-height-default\" data-id=\"1341ca1\" data-element_type=\"section\" data-e-type=\"section\">\n\t\t\t\t\t\t<div class=\"elementor-container elementor-column-gap-default\">\n\t\t\t\t\t<div class=\"elementor-column elementor-col-100 elementor-top-column elementor-element elementor-element-7a65e31\" data-id=\"7a65e31\" data-element_type=\"column\" data-e-type=\"column\">\n\t\t\t<div class=\"elementor-widget-wrap elementor-element-populated\">\n\t\t\t\t\t\t<div class=\"elementor-element elementor-element-a053999 elementor-widget elementor-widget-heading\" data-id=\"a053999\" data-element_type=\"widget\" data-e-type=\"widget\" data-widget_type=\"heading.default\">\n\t\t\t\t<div class=\"elementor-widget-container\">\n\t\t\t\t\t<h2 class=\"elementor-heading-title elementor-size-default\">Haftungsausschluss:<\/h2>\t\t\t\t<\/div>\n\t\t\t\t<\/div>\n\t\t\t\t\t<\/div>\n\t\t<\/div>\n\t\t\t\t\t<\/div>\n\t\t<\/section>\n\t\t\t\t<section class=\"elementor-section elementor-top-section elementor-element elementor-element-bef004e elementor-section-boxed elementor-section-height-default elementor-section-height-default\" data-id=\"bef004e\" data-element_type=\"section\" data-e-type=\"section\">\n\t\t\t\t\t\t<div class=\"elementor-container elementor-column-gap-default\">\n\t\t\t\t\t<div class=\"elementor-column elementor-col-100 elementor-top-column elementor-element elementor-element-fa3d4ce\" data-id=\"fa3d4ce\" data-element_type=\"column\" data-e-type=\"column\">\n\t\t\t<div class=\"elementor-widget-wrap elementor-element-populated\">\n\t\t\t\t\t\t<div class=\"elementor-element elementor-element-e5f7c94 elementor-widget elementor-widget-text-editor\" data-id=\"e5f7c94\" data-element_type=\"widget\" data-e-type=\"widget\" data-widget_type=\"text-editor.default\">\n\t\t\t\t<div class=\"elementor-widget-container\">\n\t\t\t\t\t\t\t\t\t<p>Trotz sorgf\u00e4ltiger inhaltlicher Kontrolle \u00fcbernehmen wir keine Haftung f\u00fcr die Inhalte externer Links. F\u00fcr den Inhalt der verlinkten Seiten sind ausschlie\u00dflich deren Betreiber verantwortlich.<\/p><p class=\"body\">Haftungsanspr\u00fcche, die sich durch die Nutzung der dargebotenen Informationen ergeben sind ausgeschlossen.<br \/>Urheberrecht: Eine Vervielf\u00e4ltigung und Verwendung der auf dieser Internetseite erstellten Texte und Grafiken in anderen gedruckten oder elektronischen Publikationen ist ohne ausdr\u00fcckliche Zustimmung nicht gestattet.<\/p>\t\t\t\t\t\t\t\t<\/div>\n\t\t\t\t<\/div>\n\t\t\t\t\t<\/div>\n\t\t<\/div>\n\t\t\t\t\t<\/div>\n\t\t<\/section>\n\t\t\t\t<\/div>\n\t\t","protected":false},"excerpt":{"rendered":"<p>Andreas Schr\u00f6der (Osteopath, Heilpraktiker) Bahnhofstr. 1355116 Mainz Telefon: 0 61 31 &#8211;\u00a0636 80 26Telefax: 0 61 31 &#8211; 22 44 06mail(at)osteo-schroeder.de Mitglied im\u00a0 Verband der Osteopathen Deutschland e.V. (VOD), Wiesbaden St.Nr.: 43 867 6461 Die Berufsbezeichnung lautet Heilpraktiker.Die berufsrechtliche Regelung bildet das \u201eGesetz \u00fcber die berufsm\u00e4\u00dfige Ausbildung der Heilkunde ohne Bestallung\u201c (Heilpraktikergesetz) vom 17.02.1939, ge\u00e4ndert durch Art.53 des EGStGB vom 02.03.1974 Inhaltlich verantwortlich gem. \u00a7 18 Abs. 2 MStV: Andreas Schr\u00f6der Aufsichtsbeh\u00f6rde: Gesundheitsamt Mainz, Gro\u00dfe Langgasse 29, 55116 Mainz Haftungsausschluss: Trotz sorgf\u00e4ltiger inhaltlicher Kontrolle \u00fcbernehmen wir keine Haftung f\u00fcr die Inhalte externer Links. F\u00fcr den Inhalt der verlinkten Seiten sind ausschlie\u00dflich deren Betreiber verantwortlich. Haftungsanspr\u00fcche, die sich durch die Nutzung der dargebotenen Informationen ergeben sind ausgeschlossen.Urheberrecht: Eine Vervielf\u00e4ltigung und Verwendung der auf dieser Internetseite erstellten Texte und Grafiken in anderen gedruckten oder elektronischen Publikationen ist ohne ausdr\u00fcckliche Zustimmung nicht gestattet.<\/p>\n","protected":false},"author":1,"featured_media":0,"parent":0,"menu_order":0,"comment_status":"closed","ping_status":"closed","template":"","meta":{"footnotes":""},"class_list":["post-23","page","type-page","status-publish","hentry"],"acf":[],"_links":{"self":[{"href":"https:\/\/osteo-schroeder.de\/index.php?rest_route=\/wp\/v2\/pages\/23","targetHints":{"allow":["GET"]}}],"collection":[{"href":"https:\/\/osteo-schroeder.de\/index.php?rest_route=\/wp\/v2\/pages"}],"about":[{"href":"https:\/\/osteo-schroeder.de\/index.php?rest_route=\/wp\/v2\/types\/page"}],"author":[{"embeddable":true,"href":"https:\/\/osteo-schroeder.de\/index.php?rest_route=\/wp\/v2\/users\/1"}],"replies":[{"embeddable":true,"href":"https:\/\/osteo-schroeder.de\/index.php?rest_route=%2Fwp%2Fv2%2Fcomments&post=23"}],"version-history":[{"count":14,"href":"https:\/\/osteo-schroeder.de\/index.php?rest_route=\/wp\/v2\/pages\/23\/revisions"}],"predecessor-version":[{"id":727,"href":"https:\/\/osteo-schroeder.de\/index.php?rest_route=\/wp\/v2\/pages\/23\/revisions\/727"}],"wp:attachment":[{"href":"https:\/\/osteo-schroeder.de\/index.php?rest_route=%2Fwp%2Fv2%2Fmedia&parent=23"}],"curies":[{"name":"wp","href":"https:\/\/api.w.org\/{rel}","templated":true}]}}