{"id":27,"date":"2021-11-29T10:20:52","date_gmt":"2021-11-29T10:20:52","guid":{"rendered":"https:\/\/osteo-schroeder.de\/?page_id=27"},"modified":"2021-11-29T19:10:56","modified_gmt":"2021-11-29T19:10:56","slug":"ueber-uns","status":"publish","type":"page","link":"https:\/\/osteo-schroeder.de\/?page_id=27","title":{"rendered":"\u00dcber uns"},"content":{"rendered":"\t\t<div data-elementor-type=\"wp-page\" data-elementor-id=\"27\" class=\"elementor elementor-27\">\n\t\t\t\t\t\t<section class=\"elementor-section elementor-top-section elementor-element elementor-element-9447de5 elementor-section-boxed elementor-section-height-default elementor-section-height-default\" data-id=\"9447de5\" data-element_type=\"section\" data-e-type=\"section\">\n\t\t\t\t\t\t<div class=\"elementor-container elementor-column-gap-default\">\n\t\t\t\t\t<div class=\"elementor-column elementor-col-100 elementor-top-column elementor-element elementor-element-ed8824d\" data-id=\"ed8824d\" data-element_type=\"column\" data-e-type=\"column\">\n\t\t\t<div class=\"elementor-widget-wrap\">\n\t\t\t\t\t\t\t<\/div>\n\t\t<\/div>\n\t\t\t\t\t<\/div>\n\t\t<\/section>\n\t\t\t\t<section class=\"elementor-section elementor-top-section elementor-element elementor-element-ae649e7 elementor-section-boxed elementor-section-height-default elementor-section-height-default\" data-id=\"ae649e7\" data-element_type=\"section\" data-e-type=\"section\">\n\t\t\t\t\t\t<div class=\"elementor-container elementor-column-gap-default\">\n\t\t\t\t\t<div class=\"elementor-column elementor-col-50 elementor-top-column elementor-element elementor-element-3cb33a2\" data-id=\"3cb33a2\" data-element_type=\"column\" data-e-type=\"column\">\n\t\t\t<div class=\"elementor-widget-wrap elementor-element-populated\">\n\t\t\t\t\t\t<div class=\"elementor-element elementor-element-133fd1a elementor-widget elementor-widget-text-editor\" data-id=\"133fd1a\" data-element_type=\"widget\" data-e-type=\"widget\" data-widget_type=\"text-editor.default\">\n\t\t\t\t<div class=\"elementor-widget-container\">\n\t\t\t\t\t\t\t\t\t<p style=\"background: white; vertical-align: baseline;\"><span style=\"font-size: 10.5pt; font-family: 'Helvetica',sans-serif; color: black;\">Mein Name ist Andreas Schr\u00f6der.<\/span><\/p><p style=\"background: white; vertical-align: baseline;\"><span style=\"font-size: 10.5pt; font-family: 'Helvetica',sans-serif; color: black;\">Meine f\u00fcnfj\u00e4hrige Osteopathie-Vollzeitausbildung habe ich von 1999 bis 2004 am Col\u00adlege Suther\u00adland in Schlangen\u00adbad\u00a0absolviert und\u00a02005 erfolgreich als Osteopa\u00adth und Heil\u00adprak\u00adtik\u00ader abgeschlossen. Anschlie\u00dfend habe\u00a0ich 2 Jahre\u00a0\u00a0berufsbegleitend die Osteopathie Schule Deutsch\u00adland in Hamburg\u00a0besucht,\u00a0um\u00a0mich zus\u00e4tzlich zum Kinderos\u00adteopa\u00adthen ausbilden zu\u00a0lassen.\u00a02005 habe\u00a0ich die Praxis f\u00fcr Osteopathie in der Bahnhofstr. 13 in Mainz \u00fcbernommen, die ich nun inzwischen seit \u00fcber 10 Jahren f\u00fchre.<\/span><\/p><p style=\"background: white; vertical-align: baseline;\"><span style=\"font-size: 10.5pt; font-family: 'Helvetica',sans-serif; color: black;\">Ich nehme mehrmals im Jahr an Fortbildungen in verschiedenen\u00a0Bereichen der Osteopathie teil und bin immer bem\u00fcht, meine Kenntnisse und F\u00e4higkeiten weiter auszubauen. Sie finden mich auch in der Therapeutenlise des VOD, dem Ver\u00adband der Osteopa\u00adthen Deutsch\u00adlands (VOD), bei denen ich als Mit\u00adglied gelistet bin.<\/span><\/p><p style=\"background: white; vertical-align: baseline;\"><span style=\"font-size: 10.5pt; font-family: 'Helvetica',sans-serif; color: black;\">Ich freue mich, \u00a0Sie in meiner\u00a0Praxis zu begr\u00fc\u00dfen!<\/span><\/p><p style=\"background: white; vertical-align: baseline;\"><span style=\"font-size: 10.5pt; font-family: 'Helvetica',sans-serif; color: black;\">Andreas Schr\u00f6der<\/span><\/p>\t\t\t\t\t\t\t\t<\/div>\n\t\t\t\t<\/div>\n\t\t\t\t\t<\/div>\n\t\t<\/div>\n\t\t\t\t<div class=\"elementor-column elementor-col-50 elementor-top-column elementor-element elementor-element-fe09eed\" data-id=\"fe09eed\" data-element_type=\"column\" data-e-type=\"column\">\n\t\t\t<div class=\"elementor-widget-wrap elementor-element-populated\">\n\t\t\t\t\t\t<div class=\"elementor-element elementor-element-263f086 elementor-widget elementor-widget-image\" data-id=\"263f086\" data-element_type=\"widget\" data-e-type=\"widget\" data-widget_type=\"image.default\">\n\t\t\t\t<div class=\"elementor-widget-container\">\n\t\t\t\t\t\t\t\t\t\t\t\t\t\t\t<img fetchpriority=\"high\" decoding=\"async\" width=\"683\" height=\"1024\" src=\"https:\/\/osteo-schroeder.de\/wp-content\/uploads\/2021\/11\/Andreas.jpg\" class=\"attachment-large size-large wp-image-670\" alt=\"\" srcset=\"https:\/\/osteo-schroeder.de\/wp-content\/uploads\/2021\/11\/Andreas.jpg 683w, https:\/\/osteo-schroeder.de\/wp-content\/uploads\/2021\/11\/Andreas-200x300.jpg 200w\" sizes=\"(max-width: 683px) 100vw, 683px\" \/>\t\t\t\t\t\t\t\t\t\t\t\t\t\t\t<\/div>\n\t\t\t\t<\/div>\n\t\t\t\t\t<\/div>\n\t\t<\/div>\n\t\t\t\t\t<\/div>\n\t\t<\/section>\n\t\t\t\t<\/div>\n\t\t","protected":false},"excerpt":{"rendered":"<p>Mein Name ist Andreas Schr\u00f6der. Meine f\u00fcnfj\u00e4hrige Osteopathie-Vollzeitausbildung habe ich von 1999 bis 2004 am Col\u00adlege Suther\u00adland in Schlangen\u00adbad\u00a0absolviert und\u00a02005 erfolgreich als Osteopa\u00adth und Heil\u00adprak\u00adtik\u00ader abgeschlossen. Anschlie\u00dfend habe\u00a0ich 2 Jahre\u00a0\u00a0berufsbegleitend die Osteopathie Schule Deutsch\u00adland in Hamburg\u00a0besucht,\u00a0um\u00a0mich zus\u00e4tzlich zum Kinderos\u00adteopa\u00adthen ausbilden zu\u00a0lassen.\u00a02005 habe\u00a0ich die Praxis f\u00fcr Osteopathie in der Bahnhofstr. 13 in Mainz \u00fcbernommen, die ich nun inzwischen seit \u00fcber 10 Jahren f\u00fchre. Ich nehme mehrmals im Jahr an Fortbildungen in verschiedenen\u00a0Bereichen der Osteopathie teil und bin immer bem\u00fcht, meine Kenntnisse und F\u00e4higkeiten weiter auszubauen. Sie finden mich auch in der Therapeutenlise des VOD, dem Ver\u00adband der Osteopa\u00adthen Deutsch\u00adlands (VOD), bei denen ich als Mit\u00adglied gelistet bin. Ich freue mich, \u00a0Sie in meiner\u00a0Praxis zu begr\u00fc\u00dfen! Andreas Schr\u00f6der<\/p>\n","protected":false},"author":1,"featured_media":0,"parent":0,"menu_order":0,"comment_status":"closed","ping_status":"closed","template":"","meta":{"footnotes":""},"class_list":["post-27","page","type-page","status-publish","hentry"],"acf":[],"_links":{"self":[{"href":"https:\/\/osteo-schroeder.de\/index.php?rest_route=\/wp\/v2\/pages\/27","targetHints":{"allow":["GET"]}}],"collection":[{"href":"https:\/\/osteo-schroeder.de\/index.php?rest_route=\/wp\/v2\/pages"}],"about":[{"href":"https:\/\/osteo-schroeder.de\/index.php?rest_route=\/wp\/v2\/types\/page"}],"author":[{"embeddable":true,"href":"https:\/\/osteo-schroeder.de\/index.php?rest_route=\/wp\/v2\/users\/1"}],"replies":[{"embeddable":true,"href":"https:\/\/osteo-schroeder.de\/index.php?rest_route=%2Fwp%2Fv2%2Fcomments&post=27"}],"version-history":[{"count":14,"href":"https:\/\/osteo-schroeder.de\/index.php?rest_route=\/wp\/v2\/pages\/27\/revisions"}],"predecessor-version":[{"id":681,"href":"https:\/\/osteo-schroeder.de\/index.php?rest_route=\/wp\/v2\/pages\/27\/revisions\/681"}],"wp:attachment":[{"href":"https:\/\/osteo-schroeder.de\/index.php?rest_route=%2Fwp%2Fv2%2Fmedia&parent=27"}],"curies":[{"name":"wp","href":"https:\/\/api.w.org\/{rel}","templated":true}]}}