{"id":9,"date":"2021-11-29T10:11:29","date_gmt":"2021-11-29T10:11:29","guid":{"rendered":"https:\/\/osteo-schroeder.de\/?page_id=9"},"modified":"2023-03-09T11:44:57","modified_gmt":"2023-03-09T11:44:57","slug":"herzlich-willkommen","status":"publish","type":"page","link":"https:\/\/osteo-schroeder.de\/","title":{"rendered":"Herzlich Willkommen"},"content":{"rendered":"\t\t<div data-elementor-type=\"wp-page\" data-elementor-id=\"9\" class=\"elementor elementor-9\">\n\t\t\t\t\t\t<section class=\"elementor-section elementor-top-section elementor-element elementor-element-e0da340 elementor-section-boxed elementor-section-height-default elementor-section-height-default\" data-id=\"e0da340\" data-element_type=\"section\" data-e-type=\"section\">\n\t\t\t\t\t\t<div class=\"elementor-container elementor-column-gap-default\">\n\t\t\t\t\t<div class=\"elementor-column elementor-col-100 elementor-top-column elementor-element elementor-element-9f5d6ec\" data-id=\"9f5d6ec\" data-element_type=\"column\" data-e-type=\"column\">\n\t\t\t<div class=\"elementor-widget-wrap\">\n\t\t\t\t\t\t\t<\/div>\n\t\t<\/div>\n\t\t\t\t\t<\/div>\n\t\t<\/section>\n\t\t\t\t<section class=\"elementor-section elementor-top-section elementor-element elementor-element-e90549b elementor-section-boxed elementor-section-height-default elementor-section-height-default\" data-id=\"e90549b\" data-element_type=\"section\" data-e-type=\"section\">\n\t\t\t\t\t\t<div class=\"elementor-container elementor-column-gap-default\">\n\t\t\t\t\t<div class=\"elementor-column elementor-col-100 elementor-top-column elementor-element elementor-element-5a6cd09\" data-id=\"5a6cd09\" data-element_type=\"column\" data-e-type=\"column\">\n\t\t\t<div class=\"elementor-widget-wrap elementor-element-populated\">\n\t\t\t\t\t\t<div class=\"elementor-element elementor-element-3e78ef1 elementor-widget elementor-widget-text-editor\" data-id=\"3e78ef1\" data-element_type=\"widget\" data-e-type=\"widget\" data-widget_type=\"text-editor.default\">\n\t\t\t\t<div class=\"elementor-widget-container\">\n\t\t\t\t\t\t\t\t\t<p>in unserer inzwischen schon seit \u00fcber 15 Jahren bestehenden Osteopathie-Praxis in der N\u00e4he des Mainzer Hauptbahnhofs. Durch die Bahnhofsn\u00e4he sind wir mit den verschiedensten Verkehrsmitteln sehr gut erreichbar. Wer mit dem Auto anreist, findet unter der Rubrik &#8222;Downloads&#8220; eine Karte mit g\u00fcnstigen Parkm\u00f6glichkeiten direkt in der N\u00e4he der Praxis.<\/p>\t\t\t\t\t\t\t\t<\/div>\n\t\t\t\t<\/div>\n\t\t\t\t\t<\/div>\n\t\t<\/div>\n\t\t\t\t\t<\/div>\n\t\t<\/section>\n\t\t\t\t<section class=\"elementor-section elementor-top-section elementor-element elementor-element-d35ae66 elementor-section-boxed elementor-section-height-default elementor-section-height-default\" data-id=\"d35ae66\" data-element_type=\"section\" data-e-type=\"section\">\n\t\t\t\t\t\t<div class=\"elementor-container elementor-column-gap-default\">\n\t\t\t\t\t<div class=\"elementor-column elementor-col-50 elementor-top-column elementor-element elementor-element-20765d6\" data-id=\"20765d6\" data-element_type=\"column\" data-e-type=\"column\">\n\t\t\t<div class=\"elementor-widget-wrap elementor-element-populated\">\n\t\t\t\t\t\t<div class=\"elementor-element elementor-element-1492cf0 elementor-widget elementor-widget-text-editor\" data-id=\"1492cf0\" data-element_type=\"widget\" data-e-type=\"widget\" data-widget_type=\"text-editor.default\">\n\t\t\t\t<div class=\"elementor-widget-container\">\n\t\t\t\t\t\t\t\t\t<p>Zu uns in die Praxis kommen Menschen mit den unterschiedlichsten Beschwerden: mit sowohl akuten als auch chronischen Schmerzen, Verspannungen, Bewegungseinschr\u00e4nkungen, Gelenkproblemen und Beschwerden am Bewegungsapparat aber auch vegetativen St\u00f6rungen, Menschen mit R\u00fcckenschmerzen, Knieschmerzen, Nackenschmerzen, Kieferschmerzen, Sodbrennen und auch Verdauungsproblemen. Sowohl Erwachsene, als auch Kinder und Babys sind bei uns in guten H\u00e4nden.<\/p><p>Viele Patienten, die sich an uns wenden, haben schon zahlreiche andere Behandlungskonzepte (u.a. Medikationen, Spritzen, Physiotherapie oder Massage) versucht, ohne dabei den gew\u00fcnschten Erfolg erzielt zu haben.<\/p>\t\t\t\t\t\t\t\t<\/div>\n\t\t\t\t<\/div>\n\t\t\t\t\t<\/div>\n\t\t<\/div>\n\t\t\t\t<div class=\"elementor-column elementor-col-50 elementor-top-column elementor-element elementor-element-b785888\" data-id=\"b785888\" data-element_type=\"column\" data-e-type=\"column\">\n\t\t\t<div class=\"elementor-widget-wrap elementor-element-populated\">\n\t\t\t\t\t\t<div class=\"elementor-element elementor-element-a285c01 elementor-widget elementor-widget-image\" data-id=\"a285c01\" data-element_type=\"widget\" data-e-type=\"widget\" data-widget_type=\"image.default\">\n\t\t\t\t<div class=\"elementor-widget-container\">\n\t\t\t\t\t\t\t\t\t\t\t\t\t\t\t<img fetchpriority=\"high\" decoding=\"async\" width=\"225\" height=\"300\" src=\"https:\/\/osteo-schroeder.de\/wp-content\/uploads\/2021\/11\/04-225x300.jpg\" class=\"attachment-medium size-medium wp-image-353\" alt=\"\" srcset=\"https:\/\/osteo-schroeder.de\/wp-content\/uploads\/2021\/11\/04-225x300.jpg 225w, https:\/\/osteo-schroeder.de\/wp-content\/uploads\/2021\/11\/04-768x1024.jpg 768w, https:\/\/osteo-schroeder.de\/wp-content\/uploads\/2021\/11\/04-1152x1536.jpg 1152w, https:\/\/osteo-schroeder.de\/wp-content\/uploads\/2021\/11\/04-1140x1520.jpg 1140w, https:\/\/osteo-schroeder.de\/wp-content\/uploads\/2021\/11\/04.jpg 1536w\" sizes=\"(max-width: 225px) 100vw, 225px\" \/>\t\t\t\t\t\t\t\t\t\t\t\t\t\t\t<\/div>\n\t\t\t\t<\/div>\n\t\t\t\t\t<\/div>\n\t\t<\/div>\n\t\t\t\t\t<\/div>\n\t\t<\/section>\n\t\t\t\t<section class=\"elementor-section elementor-top-section elementor-element elementor-element-86482c5 elementor-section-boxed elementor-section-height-default elementor-section-height-default\" data-id=\"86482c5\" data-element_type=\"section\" data-e-type=\"section\">\n\t\t\t\t\t\t<div class=\"elementor-container elementor-column-gap-default\">\n\t\t\t\t\t<div class=\"elementor-column elementor-col-100 elementor-top-column elementor-element elementor-element-c6122ee\" data-id=\"c6122ee\" data-element_type=\"column\" data-e-type=\"column\">\n\t\t\t<div class=\"elementor-widget-wrap elementor-element-populated\">\n\t\t\t\t\t\t<div class=\"elementor-element elementor-element-7efb6c7 elementor-widget elementor-widget-text-editor\" data-id=\"7efb6c7\" data-element_type=\"widget\" data-e-type=\"widget\" data-widget_type=\"text-editor.default\">\n\t\t\t\t<div class=\"elementor-widget-container\">\n\t\t\t\t\t\t\t\t\t<p>Wenn Menschen, h\u00e4ufig \u00fcber Monate oder Jahre, unter Schmerzen, Verspannungen oder Bewegungseinschr\u00e4nkungen leiden, wirkt sich dies h\u00e4ufig in Form von Stress und emotionaler Belastung aus. Das ist nur einer der Gr\u00fcnde, warum wir besonderen Wert darauflegen, uns f\u00fcr die individuelle und pers\u00f6nliche Betreuung unserer Patienten gen\u00fcgend Zeit zu nehmen. Es ist uns wichtig, f\u00fcr unsere Patienten einen Raum zu schaffen, in dem sie sich wohl und aufgehoben f\u00fchlen und von uns individuell und kompetent betreut werden.<\/p><p>Bei unseren Behandlungen greifen wir auf ein vielseitiges Methoden-Repertoire zur\u00fcck und sind in der Lage, Sie fachkundig bei Ihren k\u00f6rperlichen Beschwerden zu beraten und L\u00f6sungen anzubieten. Als Heilpraktiker und Osteopathen verf\u00fcgen wir, auf der Grundlage auf einer f\u00fcnfj\u00e4hrigen und stark praxisfokussierten Vollzeit-Osteopathie-Ausbildung, \u00fcber fundierte Kenntnisse im anatomischen Bereich sowie \u00fcber umfangreiches methodenpraktisches Wissen und langj\u00e4hrige Berufserfahrung. Unsere Praxis in Mainz ist seit mittlerweile \u00fcber zw\u00f6lf Jahren etabliert.<\/p><p>Die Qualit\u00e4t unserer Arbeit ist uns au\u00dferordentlich wichtig. Um den hohen Standard unserer Behandlungen stetig weiter auszubauen, bilden wir uns regelm\u00e4\u00dfig in neuen Behandlungsans\u00e4tzen weiter und nehmen mehrmals im Jahr an Fortbildungen teil. Dabei verfolgen wir konsequent das Ziel, unsere Patienten auch in Zukunft immer besser unterst\u00fctzen und bei ihren Beschwerden helfen zu k\u00f6nnen.<\/p>\t\t\t\t\t\t\t\t<\/div>\n\t\t\t\t<\/div>\n\t\t\t\t\t<\/div>\n\t\t<\/div>\n\t\t\t\t\t<\/div>\n\t\t<\/section>\n\t\t\t\t<section class=\"elementor-section elementor-top-section elementor-element elementor-element-99e2590 elementor-section-boxed elementor-section-height-default elementor-section-height-default\" data-id=\"99e2590\" data-element_type=\"section\" data-e-type=\"section\">\n\t\t\t\t\t\t<div class=\"elementor-container elementor-column-gap-default\">\n\t\t\t\t\t<div class=\"elementor-column elementor-col-100 elementor-top-column elementor-element elementor-element-21182ee\" data-id=\"21182ee\" data-element_type=\"column\" data-e-type=\"column\">\n\t\t\t<div class=\"elementor-widget-wrap elementor-element-populated\">\n\t\t\t\t\t\t<div class=\"elementor-element elementor-element-adaf042 elementor-widget elementor-widget-spacer\" data-id=\"adaf042\" data-element_type=\"widget\" data-e-type=\"widget\" data-widget_type=\"spacer.default\">\n\t\t\t\t<div class=\"elementor-widget-container\">\n\t\t\t\t\t\t\t<div class=\"elementor-spacer\">\n\t\t\t<div class=\"elementor-spacer-inner\"><\/div>\n\t\t<\/div>\n\t\t\t\t\t\t<\/div>\n\t\t\t\t<\/div>\n\t\t\t\t\t<\/div>\n\t\t<\/div>\n\t\t\t\t\t<\/div>\n\t\t<\/section>\n\t\t\t\t<section class=\"elementor-section elementor-top-section elementor-element elementor-element-3fefc814 elementor-section-boxed elementor-section-height-default elementor-section-height-default\" data-id=\"3fefc814\" data-element_type=\"section\" data-e-type=\"section\" data-settings=\"{&quot;background_background&quot;:&quot;classic&quot;}\">\n\t\t\t\t\t\t<div class=\"elementor-container elementor-column-gap-default\">\n\t\t\t\t\t<div class=\"elementor-column elementor-col-100 elementor-top-column elementor-element elementor-element-4fdb6bb8\" data-id=\"4fdb6bb8\" data-element_type=\"column\" data-e-type=\"column\">\n\t\t\t<div class=\"elementor-widget-wrap elementor-element-populated\">\n\t\t\t\t\t\t<div class=\"elementor-element elementor-element-54937e61 elementor-widget elementor-widget-heading\" data-id=\"54937e61\" data-element_type=\"widget\" data-e-type=\"widget\" data-widget_type=\"heading.default\">\n\t\t\t\t<div class=\"elementor-widget-container\">\n\t\t\t\t\t<h3 class=\"elementor-heading-title elementor-size-small\">Das sind wir, unser Praxis-Team<\/h3>\t\t\t\t<\/div>\n\t\t\t\t<\/div>\n\t\t\t\t<section class=\"elementor-section elementor-inner-section elementor-element elementor-element-42c1158 elementor-section-boxed elementor-section-height-default elementor-section-height-default\" data-id=\"42c1158\" data-element_type=\"section\" data-e-type=\"section\">\n\t\t\t\t\t\t<div class=\"elementor-container elementor-column-gap-no\">\n\t\t\t\t\t<div class=\"elementor-column elementor-col-50 elementor-inner-column elementor-element elementor-element-2fba8bf2\" data-id=\"2fba8bf2\" data-element_type=\"column\" data-e-type=\"column\" data-settings=\"{&quot;background_background&quot;:&quot;classic&quot;}\">\n\t\t\t<div class=\"elementor-widget-wrap elementor-element-populated\">\n\t\t\t\t\t\t<div class=\"elementor-element elementor-element-426e0713 elementor-widget elementor-widget-image\" data-id=\"426e0713\" data-element_type=\"widget\" data-e-type=\"widget\" data-widget_type=\"image.default\">\n\t\t\t\t<div class=\"elementor-widget-container\">\n\t\t\t\t\t\t\t\t\t\t\t\t\t\t\t<img decoding=\"async\" width=\"683\" height=\"1024\" src=\"https:\/\/osteo-schroeder.de\/wp-content\/uploads\/2021\/11\/Andreas.jpg\" class=\"attachment-large size-large wp-image-670\" alt=\"\" srcset=\"https:\/\/osteo-schroeder.de\/wp-content\/uploads\/2021\/11\/Andreas.jpg 683w, https:\/\/osteo-schroeder.de\/wp-content\/uploads\/2021\/11\/Andreas-200x300.jpg 200w\" sizes=\"(max-width: 683px) 100vw, 683px\" \/>\t\t\t\t\t\t\t\t\t\t\t\t\t\t\t<\/div>\n\t\t\t\t<\/div>\n\t\t\t\t<div class=\"elementor-element elementor-element-4c87f08f elementor-widget elementor-widget-heading\" data-id=\"4c87f08f\" data-element_type=\"widget\" data-e-type=\"widget\" data-widget_type=\"heading.default\">\n\t\t\t\t<div class=\"elementor-widget-container\">\n\t\t\t\t\t<h2 class=\"elementor-heading-title elementor-size-large\">Andreas Schr\u00f6der<\/h2>\t\t\t\t<\/div>\n\t\t\t\t<\/div>\n\t\t\t\t<div class=\"elementor-element elementor-element-4c4b22a0 elementor-widget elementor-widget-heading\" data-id=\"4c4b22a0\" data-element_type=\"widget\" data-e-type=\"widget\" data-widget_type=\"heading.default\">\n\t\t\t\t<div class=\"elementor-widget-container\">\n\t\t\t\t\t<h2 class=\"elementor-heading-title elementor-size-large\">Osteopath\nHeilpraktiker\nPraxisinhaber<\/h2>\t\t\t\t<\/div>\n\t\t\t\t<\/div>\n\t\t\t\t\t<\/div>\n\t\t<\/div>\n\t\t\t\t<div class=\"elementor-column elementor-col-50 elementor-inner-column elementor-element elementor-element-2d6f56bc\" data-id=\"2d6f56bc\" data-element_type=\"column\" data-e-type=\"column\" data-settings=\"{&quot;background_background&quot;:&quot;classic&quot;}\">\n\t\t\t<div class=\"elementor-widget-wrap elementor-element-populated\">\n\t\t\t\t\t\t<div class=\"elementor-element elementor-element-50d91176 elementor-widget elementor-widget-image\" data-id=\"50d91176\" data-element_type=\"widget\" data-e-type=\"widget\" data-widget_type=\"image.default\">\n\t\t\t\t<div class=\"elementor-widget-container\">\n\t\t\t\t\t\t\t\t\t\t\t\t\t\t\t<img decoding=\"async\" width=\"960\" height=\"960\" src=\"https:\/\/osteo-schroeder.de\/wp-content\/uploads\/2023\/03\/Rosa-Herzen-Typografisch-Liebe-Instagram-Post-1024x1024.png\" class=\"attachment-large size-large wp-image-974\" alt=\"\" srcset=\"https:\/\/osteo-schroeder.de\/wp-content\/uploads\/2023\/03\/Rosa-Herzen-Typografisch-Liebe-Instagram-Post-1024x1024.png 1024w, https:\/\/osteo-schroeder.de\/wp-content\/uploads\/2023\/03\/Rosa-Herzen-Typografisch-Liebe-Instagram-Post-300x300.png 300w, https:\/\/osteo-schroeder.de\/wp-content\/uploads\/2023\/03\/Rosa-Herzen-Typografisch-Liebe-Instagram-Post-150x150.png 150w, https:\/\/osteo-schroeder.de\/wp-content\/uploads\/2023\/03\/Rosa-Herzen-Typografisch-Liebe-Instagram-Post-768x768.png 768w, https:\/\/osteo-schroeder.de\/wp-content\/uploads\/2023\/03\/Rosa-Herzen-Typografisch-Liebe-Instagram-Post-75x75.png 75w, https:\/\/osteo-schroeder.de\/wp-content\/uploads\/2023\/03\/Rosa-Herzen-Typografisch-Liebe-Instagram-Post.png 1080w\" sizes=\"(max-width: 960px) 100vw, 960px\" \/>\t\t\t\t\t\t\t\t\t\t\t\t\t\t\t<\/div>\n\t\t\t\t<\/div>\n\t\t\t\t<div class=\"elementor-element elementor-element-343d32db elementor-widget elementor-widget-heading\" data-id=\"343d32db\" data-element_type=\"widget\" data-e-type=\"widget\" data-widget_type=\"heading.default\">\n\t\t\t\t<div class=\"elementor-widget-container\">\n\t\t\t\t\t<h2 class=\"elementor-heading-title elementor-size-large\">Robert Wittmann<\/h2>\t\t\t\t<\/div>\n\t\t\t\t<\/div>\n\t\t\t\t<div class=\"elementor-element elementor-element-6a769bd4 elementor-widget elementor-widget-heading\" data-id=\"6a769bd4\" data-element_type=\"widget\" data-e-type=\"widget\" data-widget_type=\"heading.default\">\n\t\t\t\t<div class=\"elementor-widget-container\">\n\t\t\t\t\t<h2 class=\"elementor-heading-title elementor-size-large\">Osteopath \nHeilpraktiker<\/h2>\t\t\t\t<\/div>\n\t\t\t\t<\/div>\n\t\t\t\t\t<\/div>\n\t\t<\/div>\n\t\t\t\t\t<\/div>\n\t\t<\/section>\n\t\t\t\t\t<\/div>\n\t\t<\/div>\n\t\t\t\t\t<\/div>\n\t\t<\/section>\n\t\t\t\t<section class=\"elementor-section elementor-top-section elementor-element elementor-element-15b2855f elementor-section-full_width elementor-section-content-middle elementor-section-height-default elementor-section-height-default\" data-id=\"15b2855f\" data-element_type=\"section\" data-e-type=\"section\">\n\t\t\t\t\t\t<div class=\"elementor-container elementor-column-gap-no\">\n\t\t\t\t\t<div class=\"elementor-column elementor-col-50 elementor-top-column elementor-element elementor-element-723eb706\" data-id=\"723eb706\" data-element_type=\"column\" data-e-type=\"column\">\n\t\t\t<div class=\"elementor-widget-wrap elementor-element-populated\">\n\t\t\t\t\t\t<div class=\"elementor-element elementor-element-21d53b1c elementor-widget elementor-widget-heading\" data-id=\"21d53b1c\" data-element_type=\"widget\" data-e-type=\"widget\" data-widget_type=\"heading.default\">\n\t\t\t\t<div class=\"elementor-widget-container\">\n\t\t\t\t\t<h3 class=\"elementor-heading-title elementor-size-large\">Praxis Andreas Schr\u00f6der &amp; Team<\/h3>\t\t\t\t<\/div>\n\t\t\t\t<\/div>\n\t\t\t\t<div class=\"elementor-element elementor-element-473f6f03 elementor-icon-list--layout-traditional elementor-list-item-link-full_width elementor-widget elementor-widget-icon-list\" data-id=\"473f6f03\" data-element_type=\"widget\" data-e-type=\"widget\" data-widget_type=\"icon-list.default\">\n\t\t\t\t<div class=\"elementor-widget-container\">\n\t\t\t\t\t\t\t<ul class=\"elementor-icon-list-items\">\n\t\t\t\t\t\t\t<li class=\"elementor-icon-list-item\">\n\t\t\t\t\t\t\t\t\t\t\t<span class=\"elementor-icon-list-icon\">\n\t\t\t\t\t\t\t<i aria-hidden=\"true\" class=\"fas fa-home\"><\/i>\t\t\t\t\t\t<\/span>\n\t\t\t\t\t\t\t\t\t\t<span class=\"elementor-icon-list-text\"> Bahnhofstr. 13 in 55116 Mainz<\/span>\n\t\t\t\t\t\t\t\t\t<\/li>\n\t\t\t\t\t\t\t\t<li class=\"elementor-icon-list-item\">\n\t\t\t\t\t\t\t\t\t\t\t<span class=\"elementor-icon-list-icon\">\n\t\t\t\t\t\t\t<i aria-hidden=\"true\" class=\"fas fa-phone-square\"><\/i>\t\t\t\t\t\t<\/span>\n\t\t\t\t\t\t\t\t\t\t<span class=\"elementor-icon-list-text\">+49 6131 636 80 26<\/span>\n\t\t\t\t\t\t\t\t\t<\/li>\n\t\t\t\t\t\t\t\t<li class=\"elementor-icon-list-item\">\n\t\t\t\t\t\t\t\t\t\t\t<span class=\"elementor-icon-list-icon\">\n\t\t\t\t\t\t\t<i aria-hidden=\"true\" class=\"fas fa-fax\"><\/i>\t\t\t\t\t\t<\/span>\n\t\t\t\t\t\t\t\t\t\t<span class=\"elementor-icon-list-text\">+49 176 6666 78 18<\/span>\n\t\t\t\t\t\t\t\t\t<\/li>\n\t\t\t\t\t\t\t\t<li class=\"elementor-icon-list-item\">\n\t\t\t\t\t\t\t\t\t\t\t<span class=\"elementor-icon-list-icon\">\n\t\t\t\t\t\t\t<i aria-hidden=\"true\" class=\"fas fa-envelope\"><\/i>\t\t\t\t\t\t<\/span>\n\t\t\t\t\t\t\t\t\t\t<span class=\"elementor-icon-list-text\">mail@osteo-schroeder.de<\/span>\n\t\t\t\t\t\t\t\t\t<\/li>\n\t\t\t\t\t\t<\/ul>\n\t\t\t\t\t\t<\/div>\n\t\t\t\t<\/div>\n\t\t\t\t\t<\/div>\n\t\t<\/div>\n\t\t\t\t<div class=\"elementor-column elementor-col-50 elementor-top-column elementor-element elementor-element-414e14d3\" data-id=\"414e14d3\" data-element_type=\"column\" data-e-type=\"column\">\n\t\t\t<div class=\"elementor-widget-wrap elementor-element-populated\">\n\t\t\t\t\t\t<div class=\"elementor-element elementor-element-387efa67 elementor-widget elementor-widget-google_maps\" data-id=\"387efa67\" data-element_type=\"widget\" data-e-type=\"widget\" data-widget_type=\"google_maps.default\">\n\t\t\t\t<div class=\"elementor-widget-container\">\n\t\t\t\t\t\t\t<div class=\"elementor-custom-embed\">\n\t\t\t<iframe loading=\"lazy\"\n\t\t\t\t\tsrc=\"https:\/\/maps.google.com\/maps?q=Bahnhofstr.%2013%2055116%20Mainz&#038;t=m&#038;z=15&#038;output=embed&#038;iwloc=near\"\n\t\t\t\t\ttitle=\"Bahnhofstr. 13 55116 Mainz\"\n\t\t\t\t\taria-label=\"Bahnhofstr. 13 55116 Mainz\"\n\t\t\t><\/iframe>\n\t\t<\/div>\n\t\t\t\t\t\t<\/div>\n\t\t\t\t<\/div>\n\t\t\t\t\t<\/div>\n\t\t<\/div>\n\t\t\t\t\t<\/div>\n\t\t<\/section>\n\t\t\t\t<\/div>\n\t\t","protected":false},"excerpt":{"rendered":"<p>in unserer inzwischen schon seit \u00fcber 15 Jahren bestehenden Osteopathie-Praxis in der N\u00e4he des Mainzer Hauptbahnhofs. Durch die Bahnhofsn\u00e4he sind wir mit den verschiedensten Verkehrsmitteln sehr gut erreichbar. Wer mit dem Auto anreist, findet unter der Rubrik &#8222;Downloads&#8220; eine Karte mit g\u00fcnstigen Parkm\u00f6glichkeiten direkt in der N\u00e4he der Praxis. Zu uns in die Praxis kommen Menschen mit den unterschiedlichsten Beschwerden: mit sowohl akuten als auch chronischen Schmerzen, Verspannungen, Bewegungseinschr\u00e4nkungen, Gelenkproblemen und Beschwerden am Bewegungsapparat aber auch vegetativen St\u00f6rungen, Menschen mit R\u00fcckenschmerzen, Knieschmerzen, Nackenschmerzen, Kieferschmerzen, Sodbrennen und auch Verdauungsproblemen. Sowohl Erwachsene, als auch Kinder und Babys sind bei uns in guten H\u00e4nden. Viele Patienten, die sich an uns wenden, haben schon zahlreiche andere Behandlungskonzepte (u.a. Medikationen, Spritzen, Physiotherapie oder Massage) versucht, ohne dabei den gew\u00fcnschten Erfolg erzielt zu haben. Wenn Menschen, h\u00e4ufig \u00fcber Monate oder Jahre, unter Schmerzen, Verspannungen oder Bewegungseinschr\u00e4nkungen leiden, wirkt sich dies h\u00e4ufig in Form von Stress und emotionaler Belastung aus. Das ist nur einer der Gr\u00fcnde, warum wir besonderen Wert darauflegen, uns f\u00fcr die individuelle und pers\u00f6nliche Betreuung unserer Patienten gen\u00fcgend Zeit zu nehmen. Es ist uns wichtig, f\u00fcr unsere Patienten einen Raum zu schaffen, in dem sie sich wohl und aufgehoben f\u00fchlen und von uns individuell und kompetent betreut werden. Bei unseren Behandlungen greifen wir auf ein vielseitiges Methoden-Repertoire zur\u00fcck und sind in der Lage, Sie fachkundig bei Ihren k\u00f6rperlichen Beschwerden zu beraten und L\u00f6sungen anzubieten. Als Heilpraktiker und Osteopathen verf\u00fcgen wir, auf der Grundlage auf einer f\u00fcnfj\u00e4hrigen und stark praxisfokussierten Vollzeit-Osteopathie-Ausbildung, \u00fcber fundierte Kenntnisse im anatomischen Bereich sowie \u00fcber umfangreiches methodenpraktisches Wissen und langj\u00e4hrige Berufserfahrung. Unsere Praxis in Mainz ist seit mittlerweile \u00fcber zw\u00f6lf Jahren etabliert. Die Qualit\u00e4t unserer Arbeit ist uns au\u00dferordentlich wichtig. Um den hohen Standard unserer Behandlungen stetig weiter auszubauen, bilden wir uns regelm\u00e4\u00dfig in neuen Behandlungsans\u00e4tzen weiter und nehmen mehrmals im Jahr an Fortbildungen teil. Dabei verfolgen wir konsequent das Ziel, unsere Patienten auch in Zukunft immer besser unterst\u00fctzen und bei ihren Beschwerden helfen zu k\u00f6nnen. Das sind wir, unser Praxis-Team Andreas Schr\u00f6der Osteopath Heilpraktiker Praxisinhaber Robert Wittmann Osteopath Heilpraktiker Praxis Andreas Schr\u00f6der &#038; Team Bahnhofstr. 13 in 55116 Mainz +49 6131 636 80 26 +49 176 6666 78 18 mail@osteo-schroeder.de<\/p>\n","protected":false},"author":1,"featured_media":0,"parent":0,"menu_order":0,"comment_status":"closed","ping_status":"closed","template":"","meta":{"footnotes":""},"class_list":["post-9","page","type-page","status-publish","hentry"],"acf":[],"_links":{"self":[{"href":"https:\/\/osteo-schroeder.de\/index.php?rest_route=\/wp\/v2\/pages\/9","targetHints":{"allow":["GET"]}}],"collection":[{"href":"https:\/\/osteo-schroeder.de\/index.php?rest_route=\/wp\/v2\/pages"}],"about":[{"href":"https:\/\/osteo-schroeder.de\/index.php?rest_route=\/wp\/v2\/types\/page"}],"author":[{"embeddable":true,"href":"https:\/\/osteo-schroeder.de\/index.php?rest_route=\/wp\/v2\/users\/1"}],"replies":[{"embeddable":true,"href":"https:\/\/osteo-schroeder.de\/index.php?rest_route=%2Fwp%2Fv2%2Fcomments&post=9"}],"version-history":[{"count":173,"href":"https:\/\/osteo-schroeder.de\/index.php?rest_route=\/wp\/v2\/pages\/9\/revisions"}],"predecessor-version":[{"id":977,"href":"https:\/\/osteo-schroeder.de\/index.php?rest_route=\/wp\/v2\/pages\/9\/revisions\/977"}],"wp:attachment":[{"href":"https:\/\/osteo-schroeder.de\/index.php?rest_route=%2Fwp%2Fv2%2Fmedia&parent=9"}],"curies":[{"name":"wp","href":"https:\/\/api.w.org\/{rel}","templated":true}]}}